{"id":9979,"date":"2020-06-16T10:28:49","date_gmt":"2020-06-16T08:28:49","guid":{"rendered":"https:\/\/www.antiquites-bastian.com\/?post_type=product&#038;p=9979"},"modified":"2026-01-16T15:05:59","modified_gmt":"2026-01-16T14:05:59","slug":"paul-spindler-tour-de-mulhouse","status":"publish","type":"product","link":"https:\/\/antiquites-bastian.com\/en\/vendu\/paul-spindler-tour-de-mulhouse\/","title":{"rendered":"Paul Spindler &#8211; Tour de Mulhouse"},"content":{"rendered":"<p>Une marqueterie ronde de Paul Spindler (1906-1980) pr\u00e9sentant une vue de la tour Bollwerk de Mulhouse. Cette ancienne tour de rempart poss\u00e8de une structure en demi-lune, avec deux murs d&#8217;enceinte et des arcs en ogive de chaque c\u00f4t\u00e9. Comme l&#8217;indique l&#8217;arbre et la maison de part et d&#8217;autre de cette ruine m\u00e9di\u00e9vale, elle \u00e9tait et demeure encore aujourd&#8217;hui visible en pleine ville.<\/p>\n<p>Epoque : milieu XXe si\u00e8cle<\/p>\n<p>Diam\u00e8tre au cadre : 17,2 cm<\/p>\n<p>Diam\u00e8tre \u00e0 la vue : 10,7 cm<\/p>\n<p>Etat de conservation : parfait<\/p>\n","protected":false},"excerpt":{"rendered":"<p>Une marqueterie alsacienne ronde de Paul Spindler pr\u00e9sentant la tour Bollwerk de Mulhouse.<\/p>\n","protected":false},"featured_media":10011,"template":"","meta":[],"product_brand":[],"product_cat":[112],"product_tag":[161,158,400,202,140,228,431,263,310,224,62,1847],"class_list":{"0":"post-9979","1":"product","2":"type-product","3":"status-publish","4":"has-post-thumbnail","6":"product_cat-vendu","7":"product_tag-161","8":"product_tag-alsace","9":"product_tag-alsace-1900","10":"product_tag-alsacien","11":"product_tag-art-nouveau","12":"product_tag-art-populaire","13":"product_tag-bois","14":"product_tag-cadre","15":"product_tag-france","16":"product_tag-marqueterie","17":"product_tag-xxe","18":"product_tag-xxe-siecle","20":"first","21":"outofstock","22":"shipping-taxable","23":"product-type-simple"},"_links":{"self":[{"href":"https:\/\/antiquites-bastian.com\/en\/wp-json\/wp\/v2\/product\/9979","targetHints":{"allow":["GET"]}}],"collection":[{"href":"https:\/\/antiquites-bastian.com\/en\/wp-json\/wp\/v2\/product"}],"about":[{"href":"https:\/\/antiquites-bastian.com\/en\/wp-json\/wp\/v2\/types\/product"}],"wp:featuredmedia":[{"embeddable":true,"href":"https:\/\/antiquites-bastian.com\/en\/wp-json\/wp\/v2\/media\/10011"}],"wp:attachment":[{"href":"https:\/\/antiquites-bastian.com\/en\/wp-json\/wp\/v2\/media?parent=9979"}],"wp:term":[{"taxonomy":"product_brand","embeddable":true,"href":"https:\/\/antiquites-bastian.com\/en\/wp-json\/wp\/v2\/product_brand?post=9979"},{"taxonomy":"product_cat","embeddable":true,"href":"https:\/\/antiquites-bastian.com\/en\/wp-json\/wp\/v2\/product_cat?post=9979"},{"taxonomy":"product_tag","embeddable":true,"href":"https:\/\/antiquites-bastian.com\/en\/wp-json\/wp\/v2\/product_tag?post=9979"}],"curies":[{"name":"wp","href":"https:\/\/api.w.org\/{rel}","templated":true}]}}