{"id":9810,"date":"2020-06-05T16:32:34","date_gmt":"2020-06-05T14:32:34","guid":{"rendered":"https:\/\/www.antiquites-bastian.com\/?post_type=product&#038;p=9810"},"modified":"2020-06-05T17:35:43","modified_gmt":"2020-06-05T15:35:43","slug":"view-of-selestat","status":"publish","type":"product","link":"https:\/\/antiquites-bastian.com\/en\/vendu\/view-of-selestat\/","title":{"rendered":"View of S\u00e9lestat"},"content":{"rendered":"<p>A copper engraving presenting a view of S\u00e9lestat, made by Barbier around the middle of the 18th century. On this panorama, we can see multiple buildings of S\u00e9lestat inside the curtain wall, numbered and described in the lower caption in latin. At the top center of the engraving, we can read the title &#8220;Selestadium Novum \/ versus orientem&#8221; (New S\u00e9lestat \/ Eastern side). At the low center of the engraving, we can see the S\u00e9lestat&#8217;s coat of arms, representing a crowned lion with a double tail. This engraving is extracted from\u00a0Johann Daniel Schoepflin&#8217;s \u00a0<em>Alsatia Illustrata Germanica,<\/em> published in 1761.<\/p>\n<p>Dated: middle of the 18th century<\/p>\n<p>Frame dimensions:<br \/>\nHeight: 22 cm<br \/>\nWidth: 49 cm<\/p>\n<p>View dimensions:<br \/>\nHauteur : 19,4 cm<br \/>\nLargeur : 46,3 cm<\/p>\n<p>Condition: good<\/p>\n","protected":false},"excerpt":{"rendered":"<p>A copper engraving presenting a view of S\u00e9lestat, made by Barbier around the middle of the 18th century.<\/p>\n","protected":false},"featured_media":9800,"template":"","meta":[],"product_brand":[],"product_cat":[112],"product_tag":[313,162,208,1800,494,267,616,1835,88],"class_list":{"0":"post-9810","1":"product","2":"type-product","3":"status-publish","4":"has-post-thumbnail","6":"product_cat-vendu","7":"product_tag-18th-century","8":"product_tag-alsace-en","9":"product_tag-alsatian","10":"product_tag-copper-engraving","11":"product_tag-engraving-en","12":"product_tag-frame","13":"product_tag-landscape","14":"product_tag-selestat-en","15":"product_tag-xviiie-en","17":"first","18":"outofstock","19":"shipping-taxable","20":"product-type-simple"},"_links":{"self":[{"href":"https:\/\/antiquites-bastian.com\/en\/wp-json\/wp\/v2\/product\/9810","targetHints":{"allow":["GET"]}}],"collection":[{"href":"https:\/\/antiquites-bastian.com\/en\/wp-json\/wp\/v2\/product"}],"about":[{"href":"https:\/\/antiquites-bastian.com\/en\/wp-json\/wp\/v2\/types\/product"}],"wp:featuredmedia":[{"embeddable":true,"href":"https:\/\/antiquites-bastian.com\/en\/wp-json\/wp\/v2\/media\/9800"}],"wp:attachment":[{"href":"https:\/\/antiquites-bastian.com\/en\/wp-json\/wp\/v2\/media?parent=9810"}],"wp:term":[{"taxonomy":"product_brand","embeddable":true,"href":"https:\/\/antiquites-bastian.com\/en\/wp-json\/wp\/v2\/product_brand?post=9810"},{"taxonomy":"product_cat","embeddable":true,"href":"https:\/\/antiquites-bastian.com\/en\/wp-json\/wp\/v2\/product_cat?post=9810"},{"taxonomy":"product_tag","embeddable":true,"href":"https:\/\/antiquites-bastian.com\/en\/wp-json\/wp\/v2\/product_tag?post=9810"}],"curies":[{"name":"wp","href":"https:\/\/api.w.org\/{rel}","templated":true}]}}