{"id":9645,"date":"2020-06-03T15:51:13","date_gmt":"2020-06-03T13:51:13","guid":{"rendered":"https:\/\/www.antiquites-bastian.com\/?post_type=product&#038;p=9645"},"modified":"2020-06-03T15:51:51","modified_gmt":"2020-06-03T13:51:51","slug":"portrait-du-general-kleber","status":"publish","type":"product","link":"https:\/\/antiquites-bastian.com\/en\/vendu\/portrait-du-general-kleber\/","title":{"rendered":"Portrait du G\u00e9n\u00e9ral Kl\u00e9ber"},"content":{"rendered":"<p>A copper engraving presenting a head-to-toe portrait of French general Jean-Baptiste Kl\u00e9ber, during the French campain in Egypt, more precisely in Cairo. We can see Gizeh pyramids in the left side of the background, right above the fence.\u00a0This engraving was drawn by Andr\u00e9 Dutertre (1753-1842) and engraved (&#8220;Sculpt.&#8221;) by Antoine Maxime Monsaldi (1768-1816), as mentioned in the lower section. The frame is made out of lemon tree wood and the glass is ancient.<\/p>\n<p>Dated: 1799-1800<\/p>\n<p>Frame dimensions:<br \/>\nHauteur : 78,9 cm<br \/>\nLargeur : 59,9 cm<\/p>\n<p>View dimensions:<br \/>\nHeight: 63,7 cm<br \/>\nWidth : 44,5 cm<\/p>\n<p>Condition: good<\/p>\n","protected":false},"excerpt":{"rendered":"<p>A copper engraving presenting the portrait of general Kl\u00e9ber, drawn by Dutertre and engraved by Monsaldi<\/p>\n","protected":false},"featured_media":9632,"template":"","meta":[],"product_brand":[],"product_cat":[112],"product_tag":[313,756,208,1800,1802,494,1801,690,86,88],"class_list":{"0":"post-9645","1":"product","2":"type-product","3":"status-publish","4":"has-post-thumbnail","6":"product_cat-vendu","7":"product_tag-18th-century","8":"product_tag-19th-century-en","9":"product_tag-alsatian","10":"product_tag-copper-engraving","11":"product_tag-egypt","12":"product_tag-engraving-en","13":"product_tag-general-kleber-en","14":"product_tag-napoleon-en","15":"product_tag-xixe-en","16":"product_tag-xviiie-en","18":"first","19":"outofstock","20":"shipping-taxable","21":"product-type-simple"},"_links":{"self":[{"href":"https:\/\/antiquites-bastian.com\/en\/wp-json\/wp\/v2\/product\/9645","targetHints":{"allow":["GET"]}}],"collection":[{"href":"https:\/\/antiquites-bastian.com\/en\/wp-json\/wp\/v2\/product"}],"about":[{"href":"https:\/\/antiquites-bastian.com\/en\/wp-json\/wp\/v2\/types\/product"}],"wp:featuredmedia":[{"embeddable":true,"href":"https:\/\/antiquites-bastian.com\/en\/wp-json\/wp\/v2\/media\/9632"}],"wp:attachment":[{"href":"https:\/\/antiquites-bastian.com\/en\/wp-json\/wp\/v2\/media?parent=9645"}],"wp:term":[{"taxonomy":"product_brand","embeddable":true,"href":"https:\/\/antiquites-bastian.com\/en\/wp-json\/wp\/v2\/product_brand?post=9645"},{"taxonomy":"product_cat","embeddable":true,"href":"https:\/\/antiquites-bastian.com\/en\/wp-json\/wp\/v2\/product_cat?post=9645"},{"taxonomy":"product_tag","embeddable":true,"href":"https:\/\/antiquites-bastian.com\/en\/wp-json\/wp\/v2\/product_tag?post=9645"}],"curies":[{"name":"wp","href":"https:\/\/api.w.org\/{rel}","templated":true}]}}