{"id":9487,"date":"2020-05-20T09:57:35","date_gmt":"2020-05-20T07:57:35","guid":{"rendered":"https:\/\/www.antiquites-bastian.com\/?post_type=product&#038;p=9487"},"modified":"2020-05-29T18:22:14","modified_gmt":"2020-05-29T16:22:14","slug":"papier-mache-statuette","status":"publish","type":"product","link":"https:\/\/antiquites-bastian.com\/en\/sculptures-statues-en\/papier-mache-statuette\/","title":{"rendered":"Papier-m\u00e2ch\u00e9 statuette"},"content":{"rendered":"<p>A papier-m\u00e2ch\u00e9 statuette presenting man in redingote, made circa 1770-1790.<\/p>\n<p>Period : circa 1770-1790<\/p>\n<p>Height : 29 cm<br \/>\nWidth : 14 cm<br \/>\nDepth : 9 cm<\/p>\n<p>Condition : very good, walking stick missing, small restoration on the back of the coat, replaced old base<\/p>\n","protected":false},"excerpt":{"rendered":"<p>A papier-m\u00e2ch\u00e9 statuette presenting man in redingote, circa 1770-1790<\/p>\n","protected":false},"featured_media":9292,"template":"","meta":[],"product_brand":[],"product_cat":[102],"product_tag":[953,844,1751,1755,1754,323,952,178,891,322,268,1753,1279,1748,1750,980,1752,1749,88],"class_list":{"0":"post-9487","1":"product","2":"type-product","3":"status-publish","4":"has-post-thumbnail","6":"product_cat-sculptures-statues-en","7":"product_tag-bourgeois-en","8":"product_tag-cardboard","9":"product_tag-chausses-en","10":"product_tag-elegant-en","11":"product_tag-figurine-en","12":"product_tag-france-en","13":"product_tag-gentleman","14":"product_tag-germany","15":"product_tag-italy-en","16":"product_tag-louis-the-16th","17":"product_tag-louis-xv-en","18":"product_tag-noble-en","19":"product_tag-painting","20":"product_tag-papier-mache-en","21":"product_tag-redingote-en","22":"product_tag-statuette-en","23":"product_tag-walking-stick","24":"product_tag-wig","25":"product_tag-xviiie-en","27":"first","28":"instock","29":"shipping-taxable","30":"purchasable","31":"product-type-simple"},"_links":{"self":[{"href":"https:\/\/antiquites-bastian.com\/en\/wp-json\/wp\/v2\/product\/9487","targetHints":{"allow":["GET"]}}],"collection":[{"href":"https:\/\/antiquites-bastian.com\/en\/wp-json\/wp\/v2\/product"}],"about":[{"href":"https:\/\/antiquites-bastian.com\/en\/wp-json\/wp\/v2\/types\/product"}],"wp:featuredmedia":[{"embeddable":true,"href":"https:\/\/antiquites-bastian.com\/en\/wp-json\/wp\/v2\/media\/9292"}],"wp:attachment":[{"href":"https:\/\/antiquites-bastian.com\/en\/wp-json\/wp\/v2\/media?parent=9487"}],"wp:term":[{"taxonomy":"product_brand","embeddable":true,"href":"https:\/\/antiquites-bastian.com\/en\/wp-json\/wp\/v2\/product_brand?post=9487"},{"taxonomy":"product_cat","embeddable":true,"href":"https:\/\/antiquites-bastian.com\/en\/wp-json\/wp\/v2\/product_cat?post=9487"},{"taxonomy":"product_tag","embeddable":true,"href":"https:\/\/antiquites-bastian.com\/en\/wp-json\/wp\/v2\/product_tag?post=9487"}],"curies":[{"name":"wp","href":"https:\/\/api.w.org\/{rel}","templated":true}]}}