{"id":8534,"date":"2020-04-18T09:58:58","date_gmt":"2020-04-18T07:58:58","guid":{"rendered":"https:\/\/www.antiquites-bastian.com\/?post_type=product&#038;p=8534"},"modified":"2020-04-25T16:55:06","modified_gmt":"2020-04-25T14:55:06","slug":"view-of-guemar","status":"publish","type":"product","link":"https:\/\/antiquites-bastian.com\/en\/archives-en\/view-of-guemar\/","title":{"rendered":"View of Gu\u00e9mar"},"content":{"rendered":"<p>A lavished engraving on paper presenting Gu\u00e9mar in Alsace, made by Fran\u00e7ois Walter. It is extracted from Philippe Andr\u00e9e Grandidier\u2019s book, <em>Vues pittoresques de l\u2019Alsace<\/em>. Dessin\u00e9es, grav\u00e9es et termin\u00e9es en bistre, published in 1785.<\/p>\n<p>Dated : 1785<\/p>\n<p>Frame dimensions :<br \/>\nHeight : 21, 5 cm<br \/>\nWidth : 25 cm<\/p>\n<p>View dimensions :<br \/>\nHeight : 18,1 cm<br \/>\nWidth : 23,4 cm<\/p>\n<p>Condition : good<\/p>\n","protected":false},"excerpt":{"rendered":"<p>A lavished engraving on paper presenting Gu\u00e9mar in Alsace, Fran\u00e7ois Walter 1785<\/p>\n","protected":false},"featured_media":8529,"template":"","meta":[],"product_brand":[],"product_cat":[113],"product_tag":[162,809,323,1544,1546,811,1545,322,787,88],"class_list":{"0":"post-8534","1":"product","2":"type-product","3":"status-publish","4":"has-post-thumbnail","6":"product_cat-archives-en","7":"product_tag-alsace-en","8":"product_tag-castle","9":"product_tag-france-en","10":"product_tag-francois-walter-en","11":"product_tag-guemar-en","12":"product_tag-haut-rhin-en","13":"product_tag-line-engraving","14":"product_tag-louis-the-16th","15":"product_tag-wash-drawing","16":"product_tag-xviiie-en","18":"first","19":"outofstock","20":"shipping-taxable","21":"product-type-simple"},"_links":{"self":[{"href":"https:\/\/antiquites-bastian.com\/en\/wp-json\/wp\/v2\/product\/8534","targetHints":{"allow":["GET"]}}],"collection":[{"href":"https:\/\/antiquites-bastian.com\/en\/wp-json\/wp\/v2\/product"}],"about":[{"href":"https:\/\/antiquites-bastian.com\/en\/wp-json\/wp\/v2\/types\/product"}],"wp:featuredmedia":[{"embeddable":true,"href":"https:\/\/antiquites-bastian.com\/en\/wp-json\/wp\/v2\/media\/8529"}],"wp:attachment":[{"href":"https:\/\/antiquites-bastian.com\/en\/wp-json\/wp\/v2\/media?parent=8534"}],"wp:term":[{"taxonomy":"product_brand","embeddable":true,"href":"https:\/\/antiquites-bastian.com\/en\/wp-json\/wp\/v2\/product_brand?post=8534"},{"taxonomy":"product_cat","embeddable":true,"href":"https:\/\/antiquites-bastian.com\/en\/wp-json\/wp\/v2\/product_cat?post=8534"},{"taxonomy":"product_tag","embeddable":true,"href":"https:\/\/antiquites-bastian.com\/en\/wp-json\/wp\/v2\/product_tag?post=8534"}],"curies":[{"name":"wp","href":"https:\/\/api.w.org\/{rel}","templated":true}]}}