{"id":8526,"date":"2020-04-18T09:54:41","date_gmt":"2020-04-18T07:54:41","guid":{"rendered":"https:\/\/www.antiquites-bastian.com\/?post_type=product&#038;p=8526"},"modified":"2020-04-18T09:57:01","modified_gmt":"2020-04-18T07:57:01","slug":"view-of-kaysersberg","status":"publish","type":"product","link":"https:\/\/antiquites-bastian.com\/en\/archives-en\/view-of-kaysersberg\/","title":{"rendered":"View of Kaysersberg"},"content":{"rendered":"<p>A lavished engraving on paper presenting Kaysersberg castle in Alsace, made by Fran\u00e7ois Walter. It is extracted from Philippe Andr\u00e9e Grandidier\u2019s book, <em>Vues pittoresques de l\u2019Alsace. Dessin\u00e9es, grav\u00e9es et termin\u00e9es en bistre<\/em>, published in 1785.<\/p>\n<p>Dated : 1785<\/p>\n<p>Frame dimensions :<br \/>\nHeight : 21, 5 cm<br \/>\nWidth : 25 cm<\/p>\n<p>View dimensions :<br \/>\nHeight : 18,1 cm<br \/>\nWidth : 23,4 cm<\/p>\n<p>Condition : good<\/p>\n","protected":false},"excerpt":{"rendered":"<p>A lavished engraving on paper presenting Kaysersberg castle in Alsace, Fran\u00e7ois Walter 1785<\/p>\n","protected":false},"featured_media":8521,"template":"","meta":[],"product_brand":[],"product_cat":[113],"product_tag":[162,809,1543,494,1544,811,1542,1545,808,792,787,88],"class_list":{"0":"post-8526","1":"product","2":"type-product","3":"status-publish","4":"has-post-thumbnail","6":"product_cat-archives-en","7":"product_tag-alsace-en","8":"product_tag-castle","9":"product_tag-decapole-en","10":"product_tag-engraving-en","11":"product_tag-francois-walter-en","12":"product_tag-haut-rhin-en","13":"product_tag-kaysersberg-en","14":"product_tag-line-engraving","15":"product_tag-ruin","16":"product_tag-vosges-en","17":"product_tag-wash-drawing","18":"product_tag-xviiie-en","20":"first","21":"outofstock","22":"shipping-taxable","23":"product-type-simple"},"_links":{"self":[{"href":"https:\/\/antiquites-bastian.com\/en\/wp-json\/wp\/v2\/product\/8526","targetHints":{"allow":["GET"]}}],"collection":[{"href":"https:\/\/antiquites-bastian.com\/en\/wp-json\/wp\/v2\/product"}],"about":[{"href":"https:\/\/antiquites-bastian.com\/en\/wp-json\/wp\/v2\/types\/product"}],"wp:featuredmedia":[{"embeddable":true,"href":"https:\/\/antiquites-bastian.com\/en\/wp-json\/wp\/v2\/media\/8521"}],"wp:attachment":[{"href":"https:\/\/antiquites-bastian.com\/en\/wp-json\/wp\/v2\/media?parent=8526"}],"wp:term":[{"taxonomy":"product_brand","embeddable":true,"href":"https:\/\/antiquites-bastian.com\/en\/wp-json\/wp\/v2\/product_brand?post=8526"},{"taxonomy":"product_cat","embeddable":true,"href":"https:\/\/antiquites-bastian.com\/en\/wp-json\/wp\/v2\/product_cat?post=8526"},{"taxonomy":"product_tag","embeddable":true,"href":"https:\/\/antiquites-bastian.com\/en\/wp-json\/wp\/v2\/product_tag?post=8526"}],"curies":[{"name":"wp","href":"https:\/\/api.w.org\/{rel}","templated":true}]}}