{"id":6658,"date":"2019-12-14T11:52:44","date_gmt":"2019-12-14T10:52:44","guid":{"rendered":"https:\/\/www.antiquites-bastian.com\/?post_type=product&#038;p=6658"},"modified":"2019-12-19T11:31:44","modified_gmt":"2019-12-19T10:31:44","slug":"leon-elchinger-vase","status":"publish","type":"product","link":"https:\/\/antiquites-bastian.com\/en\/vendu\/leon-elchinger-vase\/","title":{"rendered":"L\u00e9on Elchinger Vase"},"content":{"rendered":"<p>A ceramic soliflore vase with &#8220;flamm\u00e9&#8221; decor, made by L\u00e9on Elchinger (1871-1942) in Soufflenheim between 1899 and 1919.<\/p>\n<p>Period : 1899-1919<\/p>\n<p>Hauteur : 21,4 cm<\/p>\n<p>Etat de conservation : parfait<\/p>\n","protected":false},"excerpt":{"rendered":"<p>A ceramic soliflore vase with &#8220;flamm\u00e9&#8221; decor, by L\u00e9on Elchinger (1871-1942) Soufflenheim 1899 &#8211; 1919<\/p>\n","protected":false},"featured_media":6646,"template":"","meta":[],"product_brand":[],"product_cat":[112],"product_tag":[165,162,406,208,151,175,189,847,323,178,238,848,237,236,164,90],"class_list":{"0":"post-6658","1":"product","2":"type-product","3":"status-publish","4":"has-post-thumbnail","6":"product_cat-vendu","7":"product_tag-1900-en","8":"product_tag-alsace-en","9":"product_tag-alsace-1900-en","10":"product_tag-alsatian","11":"product_tag-art-nouveau-en","12":"product_tag-ceramic","13":"product_tag-culinary-art","14":"product_tag-flamme-en","15":"product_tag-france-en","16":"product_tag-germany","17":"product_tag-glazed-pottery","18":"product_tag-jugendstil-en","19":"product_tag-leon-elchinger-en","20":"product_tag-soufflenheim-en","21":"product_tag-strasbourg-en","22":"product_tag-xxe-en","24":"first","25":"outofstock","26":"shipping-taxable","27":"product-type-simple"},"_links":{"self":[{"href":"https:\/\/antiquites-bastian.com\/en\/wp-json\/wp\/v2\/product\/6658","targetHints":{"allow":["GET"]}}],"collection":[{"href":"https:\/\/antiquites-bastian.com\/en\/wp-json\/wp\/v2\/product"}],"about":[{"href":"https:\/\/antiquites-bastian.com\/en\/wp-json\/wp\/v2\/types\/product"}],"wp:featuredmedia":[{"embeddable":true,"href":"https:\/\/antiquites-bastian.com\/en\/wp-json\/wp\/v2\/media\/6646"}],"wp:attachment":[{"href":"https:\/\/antiquites-bastian.com\/en\/wp-json\/wp\/v2\/media?parent=6658"}],"wp:term":[{"taxonomy":"product_brand","embeddable":true,"href":"https:\/\/antiquites-bastian.com\/en\/wp-json\/wp\/v2\/product_brand?post=6658"},{"taxonomy":"product_cat","embeddable":true,"href":"https:\/\/antiquites-bastian.com\/en\/wp-json\/wp\/v2\/product_cat?post=6658"},{"taxonomy":"product_tag","embeddable":true,"href":"https:\/\/antiquites-bastian.com\/en\/wp-json\/wp\/v2\/product_tag?post=6658"}],"curies":[{"name":"wp","href":"https:\/\/api.w.org\/{rel}","templated":true}]}}