{"id":6245,"date":"2019-10-14T18:46:28","date_gmt":"2019-10-14T16:46:28","guid":{"rendered":"https:\/\/www.antiquites-bastian.com\/?post_type=product&#038;p=6245"},"modified":"2019-11-09T17:42:03","modified_gmt":"2019-11-09T16:42:03","slug":"devotion","status":"publish","type":"product","link":"https:\/\/antiquites-bastian.com\/en\/vendu\/devotion\/","title":{"rendered":"Devotional book with silver clasps"},"content":{"rendered":"<p>Devotional book, titled\u00a0<i class=\"\">Himmlischer Liebes-Ku\u00df Oder Ubung de\u00df wahren Christenthums fliessend au\u00df der Erfahrung G\u00f6ttlicher Liebe\u00a0<\/i>by Heinrich M\u00fcller, printed 1679 in Rostock. Two engraved silver clasps made in Strasbourg in the last quarter of the 17th century by the silversmith Daniel Hammerer (Hammer), master in 1659.<\/p>\n<p>Book dimensions :<br \/>\nHeight : 18,7 cm<br \/>\nWidth : 11 cm<br \/>\nThickness : 7 cm<\/p>\n<p>Clasps dimensions :<br \/>\nLength : 7,5 cm<br \/>\nWidth : 2,1 cm<\/p>\n<p>Condition : good, traces of use on the book cover, small rip<\/p>\n","protected":false},"excerpt":{"rendered":"<p>Devotional book with Strasbourg 17th silver clasps<\/p>\n","protected":false},"featured_media":6242,"template":"","meta":[],"product_brand":[],"product_cat":[112],"product_tag":[324,162,673,323,178,315,333,672,316,675,674,312,314,164,359,89],"class_list":{"0":"post-6245","1":"product","2":"type-product","3":"status-publish","4":"has-post-thumbnail","6":"product_cat-vendu","7":"product_tag-acanthus-leaf","8":"product_tag-alsace-en","9":"product_tag-book","10":"product_tag-france-en","11":"product_tag-germany","12":"product_tag-goldsmithery","13":"product_tag-hallmark","14":"product_tag-louis-xiv-en","15":"product_tag-maker","16":"product_tag-protestant-en","17":"product_tag-religion-en","18":"product_tag-silver","19":"product_tag-silverware","20":"product_tag-strasbourg-en","21":"product_tag-strich-en","22":"product_tag-xviie-en","24":"first","25":"outofstock","26":"shipping-taxable","27":"product-type-simple"},"_links":{"self":[{"href":"https:\/\/antiquites-bastian.com\/en\/wp-json\/wp\/v2\/product\/6245","targetHints":{"allow":["GET"]}}],"collection":[{"href":"https:\/\/antiquites-bastian.com\/en\/wp-json\/wp\/v2\/product"}],"about":[{"href":"https:\/\/antiquites-bastian.com\/en\/wp-json\/wp\/v2\/types\/product"}],"wp:featuredmedia":[{"embeddable":true,"href":"https:\/\/antiquites-bastian.com\/en\/wp-json\/wp\/v2\/media\/6242"}],"wp:attachment":[{"href":"https:\/\/antiquites-bastian.com\/en\/wp-json\/wp\/v2\/media?parent=6245"}],"wp:term":[{"taxonomy":"product_brand","embeddable":true,"href":"https:\/\/antiquites-bastian.com\/en\/wp-json\/wp\/v2\/product_brand?post=6245"},{"taxonomy":"product_cat","embeddable":true,"href":"https:\/\/antiquites-bastian.com\/en\/wp-json\/wp\/v2\/product_cat?post=6245"},{"taxonomy":"product_tag","embeddable":true,"href":"https:\/\/antiquites-bastian.com\/en\/wp-json\/wp\/v2\/product_tag?post=6245"}],"curies":[{"name":"wp","href":"https:\/\/api.w.org\/{rel}","templated":true}]}}