{"id":4779,"date":"2018-04-03T17:21:44","date_gmt":"2018-04-03T15:21:44","guid":{"rendered":"https:\/\/www.antiquites-bastian.com\/catalogue\/uncategorized\/assiette-au-chinois-dalcora\/"},"modified":"2019-07-12T15:18:44","modified_gmt":"2019-07-12T13:18:44","slug":"assiette-au-chinois-dalcora","status":"publish","type":"product","link":"https:\/\/antiquites-bastian.com\/en\/vendu\/assiette-au-chinois-dalcora\/","title":{"rendered":"Assiette au chinois d&#8217;Alcora"},"content":{"rendered":"<p>Une assiette en fa\u00efence de Alcora au nord de Valence en Espagne \u00e0 d\u00e9cor de grand feu bleu et blanc, r\u00e9alis\u00e9e vers le milieu du XVIIIe si\u00e8cle. Elle pr\u00e9sente en son centre un chinois assis de profil \u00e0 \u00ab t\u00eate de chat \u00bb dans un petit paysage id\u00e9alis\u00e9. Le bord chantourn\u00e9 est garni de trois filets dont un dentel\u00e9. Quatre petits \u00eelots v\u00e9g\u00e9talis\u00e9s et des fleurs sont r\u00e9partis sur l\u2019aile et le fond de l\u2019assiette.<\/p>\n<p>Origine : Alcora, Valence, Espagne<\/p>\n<p>Diam\u00e8tre : 24,5 cm<\/p>\n<p>\u00c9tat de conservation : Parfait<\/p>\n","protected":false},"excerpt":{"rendered":"<p>Une assiette en fa\u00efence de Alcora au nord de Valence en Espagne \u00e0 d\u00e9cor de grand feu bleu et blanc, r\u00e9alis\u00e9e vers le milieu du XVIIIe si\u00e8cle<\/p>\n","protected":false},"featured_media":2750,"template":"","meta":[],"product_brand":[],"product_cat":[112],"product_tag":[216,188,88],"class_list":{"0":"post-4779","1":"product","2":"type-product","3":"status-publish","4":"has-post-thumbnail","6":"product_cat-vendu","7":"product_tag-alcora-en","8":"product_tag-faience-en","9":"product_tag-xviiie-en","11":"first","12":"outofstock","13":"sold-individually","14":"shipping-taxable","15":"product-type-simple"},"_links":{"self":[{"href":"https:\/\/antiquites-bastian.com\/en\/wp-json\/wp\/v2\/product\/4779","targetHints":{"allow":["GET"]}}],"collection":[{"href":"https:\/\/antiquites-bastian.com\/en\/wp-json\/wp\/v2\/product"}],"about":[{"href":"https:\/\/antiquites-bastian.com\/en\/wp-json\/wp\/v2\/types\/product"}],"wp:featuredmedia":[{"embeddable":true,"href":"https:\/\/antiquites-bastian.com\/en\/wp-json\/wp\/v2\/media\/2750"}],"wp:attachment":[{"href":"https:\/\/antiquites-bastian.com\/en\/wp-json\/wp\/v2\/media?parent=4779"}],"wp:term":[{"taxonomy":"product_brand","embeddable":true,"href":"https:\/\/antiquites-bastian.com\/en\/wp-json\/wp\/v2\/product_brand?post=4779"},{"taxonomy":"product_cat","embeddable":true,"href":"https:\/\/antiquites-bastian.com\/en\/wp-json\/wp\/v2\/product_cat?post=4779"},{"taxonomy":"product_tag","embeddable":true,"href":"https:\/\/antiquites-bastian.com\/en\/wp-json\/wp\/v2\/product_tag?post=4779"}],"curies":[{"name":"wp","href":"https:\/\/api.w.org\/{rel}","templated":true}]}}