{"id":4775,"date":"2018-04-10T11:17:22","date_gmt":"2018-04-10T09:17:22","guid":{"rendered":"https:\/\/www.antiquites-bastian.com\/catalogue\/uncategorized\/cadre-rocaille-allemand\/"},"modified":"2019-06-19T13:43:43","modified_gmt":"2019-06-19T11:43:43","slug":"cadre-rocaille-allemand","status":"publish","type":"product","link":"https:\/\/antiquites-bastian.com\/en\/vendu\/cadre-rocaille-allemand\/","title":{"rendered":"Cadre rocaille allemand"},"content":{"rendered":"<p>Un cadre de tableau rectangulaire en ch\u00eane sculpt\u00e9 et dor\u00e9 r\u00e9alis\u00e9 en Allemagne centrale. Il pr\u00e9sente des angles sculpt\u00e9s d\u2019ornements rocailles soulign\u00e9s de rinceaux. Les angles sont reli\u00e9s entre eux par des montants moulur\u00e9s d\u2019une gorge. La reparure est orn\u00e9e de motifs stri\u00e9s en vague rappelant l\u2019ornement rocaille.<\/p>\n<p>Epoque : vers 1750<\/p>\n<p>Hauteur hors tout : 90,5 cm<\/p>\n<p>Largeur hors tout : 74 cm<\/p>\n<p>Hauteur \u00e0 feuillure : entre 80,2 et 81,9 cm<\/p>\n<p>Largeur \u00e0 la feuillure : entre 63,8 et 64,5 cm<\/p>\n<p>Etat de conservation : bon, dorure d\u2019origine, quelques manques \u00e0 la dorure.<\/p>\n","protected":false},"excerpt":{"rendered":"<p>Un cadre de tableau rectangulaire en ch\u00eane sculpt\u00e9 et dor\u00e9 r\u00e9alis\u00e9 en Allemagne centrale<\/p>\n","protected":false},"featured_media":2789,"template":"","meta":[],"product_brand":[],"product_cat":[112],"product_tag":[88],"class_list":{"0":"post-4775","1":"product","2":"type-product","3":"status-publish","4":"has-post-thumbnail","6":"product_cat-vendu","7":"product_tag-xviiie-en","9":"first","10":"outofstock","11":"sold-individually","12":"shipping-taxable","13":"product-type-simple"},"_links":{"self":[{"href":"https:\/\/antiquites-bastian.com\/en\/wp-json\/wp\/v2\/product\/4775","targetHints":{"allow":["GET"]}}],"collection":[{"href":"https:\/\/antiquites-bastian.com\/en\/wp-json\/wp\/v2\/product"}],"about":[{"href":"https:\/\/antiquites-bastian.com\/en\/wp-json\/wp\/v2\/types\/product"}],"wp:featuredmedia":[{"embeddable":true,"href":"https:\/\/antiquites-bastian.com\/en\/wp-json\/wp\/v2\/media\/2789"}],"wp:attachment":[{"href":"https:\/\/antiquites-bastian.com\/en\/wp-json\/wp\/v2\/media?parent=4775"}],"wp:term":[{"taxonomy":"product_brand","embeddable":true,"href":"https:\/\/antiquites-bastian.com\/en\/wp-json\/wp\/v2\/product_brand?post=4775"},{"taxonomy":"product_cat","embeddable":true,"href":"https:\/\/antiquites-bastian.com\/en\/wp-json\/wp\/v2\/product_cat?post=4775"},{"taxonomy":"product_tag","embeddable":true,"href":"https:\/\/antiquites-bastian.com\/en\/wp-json\/wp\/v2\/product_tag?post=4775"}],"curies":[{"name":"wp","href":"https:\/\/api.w.org\/{rel}","templated":true}]}}