{"id":4774,"date":"2018-04-10T11:23:42","date_gmt":"2018-04-10T09:23:42","guid":{"rendered":"https:\/\/www.antiquites-bastian.com\/catalogue\/uncategorized\/chaise-alsacienne\/"},"modified":"2019-06-19T14:02:51","modified_gmt":"2019-06-19T12:02:51","slug":"chaise-alsacienne","status":"publish","type":"product","link":"https:\/\/antiquites-bastian.com\/en\/vendu\/chaise-alsacienne\/","title":{"rendered":"Chaise alsacienne"},"content":{"rendered":"<p>Une chaise alsacienne en noyer. Elle se compose d\u2019un dossier fix\u00e9 \u00e0 une assise simple, o\u00f9 s\u2019embo\u00eetent quatre pieds \u00e0 facettes. Le dossier est ajour\u00e9 et pr\u00e9sente deux c\u0153urs invers\u00e9s, entrem\u00eal\u00e9s avec un anneau.<\/p>\n<p>Epoque : fin du XVIIIe si\u00e8cle<\/p>\n<p>Hauteur totale : 86,5 cm<\/p>\n<p>Largeur \u00e0 l\u2019assise : 45 cm<\/p>\n<p>Etat de conservation : l\u2019assise et les pieds ont \u00e9t\u00e9 remplac\u00e9s<\/p>\n","protected":false},"excerpt":{"rendered":"<p>Une chaise alsacienne en noyer<\/p>\n","protected":false},"featured_media":2796,"template":"","meta":[],"product_brand":[],"product_cat":[112],"product_tag":[88],"class_list":{"0":"post-4774","1":"product","2":"type-product","3":"status-publish","4":"has-post-thumbnail","6":"product_cat-vendu","7":"product_tag-xviiie-en","9":"first","10":"outofstock","11":"sold-individually","12":"shipping-taxable","13":"product-type-simple"},"_links":{"self":[{"href":"https:\/\/antiquites-bastian.com\/en\/wp-json\/wp\/v2\/product\/4774","targetHints":{"allow":["GET"]}}],"collection":[{"href":"https:\/\/antiquites-bastian.com\/en\/wp-json\/wp\/v2\/product"}],"about":[{"href":"https:\/\/antiquites-bastian.com\/en\/wp-json\/wp\/v2\/types\/product"}],"wp:featuredmedia":[{"embeddable":true,"href":"https:\/\/antiquites-bastian.com\/en\/wp-json\/wp\/v2\/media\/2796"}],"wp:attachment":[{"href":"https:\/\/antiquites-bastian.com\/en\/wp-json\/wp\/v2\/media?parent=4774"}],"wp:term":[{"taxonomy":"product_brand","embeddable":true,"href":"https:\/\/antiquites-bastian.com\/en\/wp-json\/wp\/v2\/product_brand?post=4774"},{"taxonomy":"product_cat","embeddable":true,"href":"https:\/\/antiquites-bastian.com\/en\/wp-json\/wp\/v2\/product_cat?post=4774"},{"taxonomy":"product_tag","embeddable":true,"href":"https:\/\/antiquites-bastian.com\/en\/wp-json\/wp\/v2\/product_tag?post=4774"}],"curies":[{"name":"wp","href":"https:\/\/api.w.org\/{rel}","templated":true}]}}