{"id":4773,"date":"2018-04-10T11:29:50","date_gmt":"2018-04-10T09:29:50","guid":{"rendered":"https:\/\/www.antiquites-bastian.com\/catalogue\/uncategorized\/coffret-en-bois-de-sainte-lucie\/"},"modified":"2019-06-19T14:02:40","modified_gmt":"2019-06-19T12:02:40","slug":"coffret-en-bois-de-sainte-lucie","status":"publish","type":"product","link":"https:\/\/antiquites-bastian.com\/en\/vendu\/coffret-en-bois-de-sainte-lucie\/","title":{"rendered":"Coffret en bois de sainte Lucie"},"content":{"rendered":"<p>Un petit coffret en bois de sainte-Lucie pr\u00e9sentant un d\u00e9cor sculpt\u00e9 en m\u00e9plat sur cinq faces. Le couvercle s\u2019ouvre sur charni\u00e8re et se bloque par un fermoir en fer poli. Au centre du couvercle, un cercle plat entour\u00e9 d\u2019une frise de points, pr\u00e9sente des traces d\u2019une ancienne peinture qui devaient sans doute contenir des armoiries de famille. Quatre panneaux sculpt\u00e9s de rinceaux d\u2019acanthe sont r\u00e9partis autour du cercle. Les fa\u00e7ades des longs c\u00f4t\u00e9s du coffret pr\u00e9sentent un d\u00e9cor similaire : au centre, un oiseau entour\u00e9 de fleurs est inscrit dans un cadre polylob\u00e9. Autour, quatre panneaux sculpt\u00e9s ornent le reste de la surface, \u00e0 l\u2019instar du couvercle. Les c\u00f4t\u00e9s cours sont sculpt\u00e9s d\u2019un vase fleuris sur une face, et d\u2019un ensemble fleuris sur l\u2019autre.<\/p>\n<p>&nbsp;<\/p>\n<p>Epoque : fin du XVIIe si\u00e8cle, d\u00e9but du XVIIIe si\u00e8cle<\/p>\n<p>Hauteur : 9,5 cm<\/p>\n<p>Largeur : 16,7 cm<\/p>\n<p>Profondeur : 11 cm<\/p>\n<p>Etat de conservation : charni\u00e8re remplac\u00e9e, bon \u00e9tat.<\/p>\n","protected":false},"excerpt":{"rendered":"<p>Un petit coffret en bois de sainte-Lucie pr\u00e9sentant un d\u00e9cor sculpt\u00e9 en m\u00e9plat sur cinq faces<\/p>\n","protected":false},"featured_media":2800,"template":"","meta":[],"product_brand":[],"product_cat":[112],"product_tag":[86,88],"class_list":{"0":"post-4773","1":"product","2":"type-product","3":"status-publish","4":"has-post-thumbnail","6":"product_cat-vendu","7":"product_tag-xixe-en","8":"product_tag-xviiie-en","10":"first","11":"outofstock","12":"sold-individually","13":"shipping-taxable","14":"product-type-simple"},"_links":{"self":[{"href":"https:\/\/antiquites-bastian.com\/en\/wp-json\/wp\/v2\/product\/4773","targetHints":{"allow":["GET"]}}],"collection":[{"href":"https:\/\/antiquites-bastian.com\/en\/wp-json\/wp\/v2\/product"}],"about":[{"href":"https:\/\/antiquites-bastian.com\/en\/wp-json\/wp\/v2\/types\/product"}],"wp:featuredmedia":[{"embeddable":true,"href":"https:\/\/antiquites-bastian.com\/en\/wp-json\/wp\/v2\/media\/2800"}],"wp:attachment":[{"href":"https:\/\/antiquites-bastian.com\/en\/wp-json\/wp\/v2\/media?parent=4773"}],"wp:term":[{"taxonomy":"product_brand","embeddable":true,"href":"https:\/\/antiquites-bastian.com\/en\/wp-json\/wp\/v2\/product_brand?post=4773"},{"taxonomy":"product_cat","embeddable":true,"href":"https:\/\/antiquites-bastian.com\/en\/wp-json\/wp\/v2\/product_cat?post=4773"},{"taxonomy":"product_tag","embeddable":true,"href":"https:\/\/antiquites-bastian.com\/en\/wp-json\/wp\/v2\/product_tag?post=4773"}],"curies":[{"name":"wp","href":"https:\/\/api.w.org\/{rel}","templated":true}]}}