{"id":4768,"date":"2018-09-30T17:37:52","date_gmt":"2018-09-30T15:37:52","guid":{"rendered":"https:\/\/www.antiquites-bastian.com\/catalogue\/uncategorized\/portrait-de-femme-par-henri-beecke\/"},"modified":"2019-06-19T13:40:04","modified_gmt":"2019-06-19T11:40:04","slug":"portrait-de-femme-par-henri-beecke","status":"publish","type":"product","link":"https:\/\/antiquites-bastian.com\/en\/vendu\/portrait-de-femme-par-henri-beecke\/","title":{"rendered":"Portrait de femme par Henri Beecke"},"content":{"rendered":"<p>Un dessin \u00e0 la mine de plomb et pastel pr\u00e9sentant un portrait de femme assise, r\u00e9alis\u00e9 par Henri Beecke (1877-1954). Cadr\u00e9e au niveau des genoux, le mod\u00e8le est v\u00eatue d\u2019une robe bleue sans manche. Elle est accoud\u00e9e sur elle-m\u00eame et porte un mouchoir \u00e0 la bouche de mani\u00e8re pensive. Son visage de trois-quart est tourn\u00e9 vers la gauche du cadre.<\/p>\n<p>L\u2019\u0153uvre est sign\u00e9e et dat\u00e9e en haut \u00e0 droite \u00ab\u00a0HB. 35\u00a0\u00bb<\/p>\n<p><strong>Epoque<\/strong> : 1935<\/p>\n<p><strong>Dimensions au cadre<\/strong> :<br \/>\nHauteur : 39,5 cm<br \/>\nLargeur : 30,5 cm<\/p>\n<p><strong>Dimensions \u00e0 la vue<\/strong> :<br \/>\nHauteur : 28,5 cm<br \/>\nLargeur : 19,5 cm<\/p>\n<p><strong>Etat de conservation<\/strong> : parfait<\/p>\n","protected":false},"excerpt":{"rendered":"<p>Un dessin \u00e0 la mine de plomb et pastel pr\u00e9sentant un portrait de femme assise, r\u00e9alis\u00e9 par Henri Beecke (1877-1954).<\/p>\n","protected":false},"featured_media":3307,"template":"","meta":[],"product_brand":[],"product_cat":[112],"product_tag":[90],"class_list":{"0":"post-4768","1":"product","2":"type-product","3":"status-publish","4":"has-post-thumbnail","6":"product_cat-vendu","7":"product_tag-xxe-en","9":"first","10":"outofstock","11":"shipping-taxable","12":"product-type-simple"},"_links":{"self":[{"href":"https:\/\/antiquites-bastian.com\/en\/wp-json\/wp\/v2\/product\/4768","targetHints":{"allow":["GET"]}}],"collection":[{"href":"https:\/\/antiquites-bastian.com\/en\/wp-json\/wp\/v2\/product"}],"about":[{"href":"https:\/\/antiquites-bastian.com\/en\/wp-json\/wp\/v2\/types\/product"}],"wp:featuredmedia":[{"embeddable":true,"href":"https:\/\/antiquites-bastian.com\/en\/wp-json\/wp\/v2\/media\/3307"}],"wp:attachment":[{"href":"https:\/\/antiquites-bastian.com\/en\/wp-json\/wp\/v2\/media?parent=4768"}],"wp:term":[{"taxonomy":"product_brand","embeddable":true,"href":"https:\/\/antiquites-bastian.com\/en\/wp-json\/wp\/v2\/product_brand?post=4768"},{"taxonomy":"product_cat","embeddable":true,"href":"https:\/\/antiquites-bastian.com\/en\/wp-json\/wp\/v2\/product_cat?post=4768"},{"taxonomy":"product_tag","embeddable":true,"href":"https:\/\/antiquites-bastian.com\/en\/wp-json\/wp\/v2\/product_tag?post=4768"}],"curies":[{"name":"wp","href":"https:\/\/api.w.org\/{rel}","templated":true}]}}