{"id":4766,"date":"2018-10-01T13:21:14","date_gmt":"2018-10-01T11:21:14","guid":{"rendered":"https:\/\/www.antiquites-bastian.com\/catalogue\/uncategorized\/vue-de-chatenois-par-gustave-krafft\/"},"modified":"2019-06-19T13:35:04","modified_gmt":"2019-06-19T11:35:04","slug":"vue-de-chatenois-par-gustave-krafft","status":"publish","type":"product","link":"https:\/\/antiquites-bastian.com\/en\/vendu\/vue-de-chatenois-par-gustave-krafft\/","title":{"rendered":"Vue de Ch\u00e2tenois par Gustave Krafft"},"content":{"rendered":"<p>Une aquarelle sur papier pr\u00e9sentant une vue de Ch\u00e2tenois (Alsace), r\u00e9alis\u00e9e par Gustave Krafft (1861-1927). La Tour des sorci\u00e8res s\u2019\u00e9l\u00e8ve au centre avec d\u2019un c\u00f4t\u00e9 une partie du rempart cr\u00e9nel\u00e9, et de l\u2019autre, une maison basse. Son toit est surmont\u00e9 d\u2019un nid de cigogne.<br \/>\nL\u2019\u0153uvre est sign\u00e9e et dat\u00e9e en bas \u00e0 droite \u00ab Chatenois. 07 \/ G.Krafft \u00bb<\/p>\n<p>Epoque : 1907<\/p>\n<p><strong>Dimensions au cadre <\/strong>:<br \/>\nHauteur : 56 cm<br \/>\nLargeur : 45,5 cm<\/p>\n<p><strong>Dimensions \u00e0 la vue <\/strong>:<br \/>\nHauteur : 26 cm<br \/>\nLargeur : 37 cm<\/p>\n<p><strong>Etat de conservation <\/strong>: bon, papier jauni<\/p>\n","protected":false},"excerpt":{"rendered":"<p>Une aquarelle sur papier pr\u00e9sentant une vue de Ch\u00e2tenois (Alsace), r\u00e9alis\u00e9e par Gustave Krafft (1861-1927).<\/p>\n","protected":false},"featured_media":3337,"template":"","meta":[],"product_brand":[],"product_cat":[112],"product_tag":[90],"class_list":{"0":"post-4766","1":"product","2":"type-product","3":"status-publish","4":"has-post-thumbnail","6":"product_cat-vendu","7":"product_tag-xxe-en","9":"first","10":"outofstock","11":"shipping-taxable","12":"product-type-simple"},"_links":{"self":[{"href":"https:\/\/antiquites-bastian.com\/en\/wp-json\/wp\/v2\/product\/4766","targetHints":{"allow":["GET"]}}],"collection":[{"href":"https:\/\/antiquites-bastian.com\/en\/wp-json\/wp\/v2\/product"}],"about":[{"href":"https:\/\/antiquites-bastian.com\/en\/wp-json\/wp\/v2\/types\/product"}],"wp:featuredmedia":[{"embeddable":true,"href":"https:\/\/antiquites-bastian.com\/en\/wp-json\/wp\/v2\/media\/3337"}],"wp:attachment":[{"href":"https:\/\/antiquites-bastian.com\/en\/wp-json\/wp\/v2\/media?parent=4766"}],"wp:term":[{"taxonomy":"product_brand","embeddable":true,"href":"https:\/\/antiquites-bastian.com\/en\/wp-json\/wp\/v2\/product_brand?post=4766"},{"taxonomy":"product_cat","embeddable":true,"href":"https:\/\/antiquites-bastian.com\/en\/wp-json\/wp\/v2\/product_cat?post=4766"},{"taxonomy":"product_tag","embeddable":true,"href":"https:\/\/antiquites-bastian.com\/en\/wp-json\/wp\/v2\/product_tag?post=4766"}],"curies":[{"name":"wp","href":"https:\/\/api.w.org\/{rel}","templated":true}]}}