{"id":4424,"date":"2019-04-24T10:23:08","date_gmt":"2019-04-24T08:23:08","guid":{"rendered":"https:\/\/www.antiquites-bastian.com\/?post_type=product&#038;p=4424"},"modified":"2019-06-19T13:39:58","modified_gmt":"2019-06-19T11:39:58","slug":"faiences-et-porcelaines","status":"publish","type":"product","link":"https:\/\/antiquites-bastian.com\/en\/majb-editions\/faiences-et-porcelaines\/","title":{"rendered":"Fa\u00efences et porcelaines"},"content":{"rendered":"<p>&nbsp;<\/p>\n<p><span style=\"color: #ff0000;\"><b style=\"color: #ff0000;\">En stock, exp\u00e9di\u00e9 d\u00e8s <\/b><b>r\u00e9ception<\/b><b style=\"color: #ff0000;\"> du paiement.\u00a0<\/b><\/span><\/p>\n<p><a href=\"\/?page_id=3073\"><strong>=&gt; Comment nous r\u00e9gler ?<\/strong><\/a><\/p>\n","protected":false},"excerpt":{"rendered":"<p>&nbsp; En stock, exp\u00e9di\u00e9 d\u00e8s r\u00e9ception du paiement.\u00a0 =&gt; Comment nous r\u00e9gler ?<\/p>\n","protected":false},"featured_media":4429,"template":"","meta":[],"product_brand":[],"product_cat":[96],"product_tag":[],"class_list":{"0":"post-4424","1":"product","2":"type-product","3":"status-publish","4":"has-post-thumbnail","6":"product_cat-majb-editions","8":"first","9":"instock","10":"shipping-taxable","11":"purchasable","12":"product-type-simple"},"_links":{"self":[{"href":"https:\/\/antiquites-bastian.com\/en\/wp-json\/wp\/v2\/product\/4424","targetHints":{"allow":["GET"]}}],"collection":[{"href":"https:\/\/antiquites-bastian.com\/en\/wp-json\/wp\/v2\/product"}],"about":[{"href":"https:\/\/antiquites-bastian.com\/en\/wp-json\/wp\/v2\/types\/product"}],"wp:featuredmedia":[{"embeddable":true,"href":"https:\/\/antiquites-bastian.com\/en\/wp-json\/wp\/v2\/media\/4429"}],"wp:attachment":[{"href":"https:\/\/antiquites-bastian.com\/en\/wp-json\/wp\/v2\/media?parent=4424"}],"wp:term":[{"taxonomy":"product_brand","embeddable":true,"href":"https:\/\/antiquites-bastian.com\/en\/wp-json\/wp\/v2\/product_brand?post=4424"},{"taxonomy":"product_cat","embeddable":true,"href":"https:\/\/antiquites-bastian.com\/en\/wp-json\/wp\/v2\/product_cat?post=4424"},{"taxonomy":"product_tag","embeddable":true,"href":"https:\/\/antiquites-bastian.com\/en\/wp-json\/wp\/v2\/product_tag?post=4424"}],"curies":[{"name":"wp","href":"https:\/\/api.w.org\/{rel}","templated":true}]}}