{"id":3271,"date":"2018-09-21T11:39:16","date_gmt":"2018-09-21T09:39:16","guid":{"rendered":"https:\/\/www.antiquites-bastian.com\/boutique\/uncategorized\/faience-de-strasbourg-manufacture-hannong\/"},"modified":"2019-06-19T13:40:34","modified_gmt":"2019-06-19T11:40:34","slug":"faience-de-strasbourg-manufacture-hannong","status":"publish","type":"product","link":"https:\/\/antiquites-bastian.com\/en\/majb-editions\/faience-de-strasbourg-manufacture-hannong\/","title":{"rendered":"Fa\u00efence de Strasbourg : Manufacture Hannong"},"content":{"rendered":"<p>Ce catalogue r\u00e9pertorie la collection de fa\u00efences Hannong de Strasbourg, conserv\u00e9e \u00e0 la Fondation Abegg en Suisse.\u00a0La Fondation Abegg, situ\u00e9e dans le canton de Riggisberg proche de Bern, a \u00e9t\u00e9 cr\u00e9\u00e9e en 1961 par Werner Abegg (1903 \u2013 1984), industriel Suisse du textile. Margaret et Werner Abegg ont essentiellement assembl\u00e9 une importante collection de tissus anciens, mais se sont \u00e9galement int\u00e9ress\u00e9s \u00e0 d\u2019autres domaines tels que la statuaire m\u00e9di\u00e9vale ou la c\u00e9ramique. D\u2019habitude, l\u2019exposition permanente de la Fondation Abegg pr\u00e9sente uniquement des textiles anciens. Il est donc en temps normal impossible de voir les collections de c\u00e9ramiques. Cependant, \u00e0 l\u2019occasion de la parution du catalogue, trois vitrines pr\u00e9sentant de prestigieuses fa\u00efences de Strasbourg sont expos\u00e9es dans le mus\u00e9e. Pour cette raison, la Fondation a fait appel \u00e0 Marie-Alice et Jacques Bastian pour analyser et cataloguer ses fa\u00efences \u00e9manant de la manufacture des Hannong. Cet ensemble est sans doute compos\u00e9 de la plus importante collection connue de Chinois en Strasbourg. On y trouve \u00e9galement des d\u00e9cors de Maria S\u00e9raphia von L\u00f6wenfinck ou encore des pr\u00e9sentoirs et terrines en \u00ab\u00a0baroc \u00bb.<\/p>\n<p>Le catalogue pr\u00e9sente d\u2019abord un petit historique de la manufacture des Hannong, puis une synth\u00e8se expliquant l\u2019\u00e9laboration des d\u00e9cors. Il propose ensuite une \u00e9tude sur les fa\u00efences strasbourgeoises de la collection Abegg et enfin une notice sur chacune des cinquante-six pi\u00e8ces de l\u2019ensemble.<\/p>\n<p>Les \u00e9ditions M.A.J.B. proposent cet ouvrage dans les locaux des Antiquit\u00e9s Bastian au 24 place de la Cath\u00e9drale.<\/p>\n<p>&nbsp;<\/p>\n<p>ISBN : 978-3-905014-55-6<br \/>\nDate de publication : 2013<br \/>\nEditeur : Abegg-Stiftung<br \/>\nImprim\u00e9 en Suisse<\/p>\n<p>Nombre de pages : 120<br \/>\nOuvrage broch\u00e9<\/p>\n<p><span style=\"color: #ff0000;\"><b style=\"color: #ff0000;\">En stock, exp\u00e9di\u00e9 d\u00e8s <\/b><span style=\"color: #ff0000;\"><b>r\u00e9ception<\/b><\/span><b style=\"color: #ff0000;\"> du paiement.\u00a0<\/b><\/span><\/p>\n<p><a href=\"\/?page_id=3073\"><strong>=&gt; Comment nous r\u00e9gler ?<\/strong><\/a><\/p>\n","protected":false},"excerpt":{"rendered":"<p>Ce catalogue r\u00e9pertorie la collection de fa\u00efences Hannong de Strasbourg, conserv\u00e9e \u00e0 la Fondation Abegg en Suisse.\u00a0La Fondation Abegg, situ\u00e9e<\/p>\n","protected":false},"featured_media":3152,"template":"","meta":[],"product_brand":[],"product_cat":[96],"product_tag":[],"class_list":{"0":"post-3271","1":"product","2":"type-product","3":"status-publish","4":"has-post-thumbnail","6":"product_cat-majb-editions","8":"first","9":"instock","10":"shipping-taxable","11":"purchasable","12":"product-type-simple"},"_links":{"self":[{"href":"https:\/\/antiquites-bastian.com\/en\/wp-json\/wp\/v2\/product\/3271","targetHints":{"allow":["GET"]}}],"collection":[{"href":"https:\/\/antiquites-bastian.com\/en\/wp-json\/wp\/v2\/product"}],"about":[{"href":"https:\/\/antiquites-bastian.com\/en\/wp-json\/wp\/v2\/types\/product"}],"wp:featuredmedia":[{"embeddable":true,"href":"https:\/\/antiquites-bastian.com\/en\/wp-json\/wp\/v2\/media\/3152"}],"wp:attachment":[{"href":"https:\/\/antiquites-bastian.com\/en\/wp-json\/wp\/v2\/media?parent=3271"}],"wp:term":[{"taxonomy":"product_brand","embeddable":true,"href":"https:\/\/antiquites-bastian.com\/en\/wp-json\/wp\/v2\/product_brand?post=3271"},{"taxonomy":"product_cat","embeddable":true,"href":"https:\/\/antiquites-bastian.com\/en\/wp-json\/wp\/v2\/product_cat?post=3271"},{"taxonomy":"product_tag","embeddable":true,"href":"https:\/\/antiquites-bastian.com\/en\/wp-json\/wp\/v2\/product_tag?post=3271"}],"curies":[{"name":"wp","href":"https:\/\/api.w.org\/{rel}","templated":true}]}}