{"id":3270,"date":"2018-09-21T11:40:03","date_gmt":"2018-09-21T09:40:03","guid":{"rendered":"https:\/\/www.antiquites-bastian.com\/boutique\/uncategorized\/de-a-a-z-ou-labecedaire-de-papi-jean\/"},"modified":"2019-06-19T13:40:30","modified_gmt":"2019-06-19T11:40:30","slug":"de-a-a-z-ou-labecedaire-de-papi-jean","status":"publish","type":"product","link":"https:\/\/antiquites-bastian.com\/en\/majb-editions\/de-a-a-z-ou-labecedaire-de-papi-jean\/","title":{"rendered":"De A \u00e0 Z \u2026 ou l\u2019ab\u00e9c\u00e9daire de Papi Jean"},"content":{"rendered":"<p>De A \u00e0 Z est un bestiaire-ab\u00e9c\u00e9daire, dessin\u00e9 par Jean Bastian, alias \u00ab\u00a0Papi Jean\u00a0\u00bb pour ses enfants et petits-enfants. Publi\u00e9 par les Editions M.A.J.B. pour son 80e anniversaire, l\u2019artiste rassemble une ribambelle de petits \u00eatres \u00e0 poils ou \u00e0 plumes \u00e0 la mani\u00e8re des gravures de Grandville. Images et textes unis par la plume de Marie-Alice Bastian qui associe une allit\u00e9ration \u00e0 chaque dessin.<\/p>\n<p>Un beau livre pour petits et grands.<\/p>\n<p>ISBN : 2-9519298-2-X<br \/>\nDate de publication : septembre 2007<br \/>\nEditions M.A.J.B.<br \/>\nImprimeur : Imprimerie Valblor, Illkirch-Graffenstaden, Alsace<br \/>\nNombre de pages : 58<br \/>\nOuvrage reli\u00e9 et toil\u00e9<\/p>\n<p><span style=\"color: #ff0000;\"><b style=\"color: #ff0000;\">En stock, exp\u00e9di\u00e9 d\u00e8s <\/b><b>r\u00e9ception<\/b><b style=\"color: #ff0000;\"> du paiement.\u00a0<\/b><\/span><\/p>\n<p><a href=\"\/?page_id=3073\"><strong>=&gt; Comment nous r\u00e9gler ?<\/strong><\/a><\/p>\n","protected":false},"excerpt":{"rendered":"<p>De A \u00e0 Z est un bestiaire-ab\u00e9c\u00e9daire, dessin\u00e9 par Jean Bastian, alias \u00ab\u00a0Papi Jean\u00a0\u00bb pour ses enfants et petits-enfants. Publi\u00e9<\/p>\n","protected":false},"featured_media":3231,"template":"","meta":[],"product_brand":[],"product_cat":[96],"product_tag":[],"class_list":{"0":"post-3270","1":"product","2":"type-product","3":"status-publish","4":"has-post-thumbnail","6":"product_cat-majb-editions","8":"first","9":"instock","10":"shipping-taxable","11":"purchasable","12":"product-type-simple"},"_links":{"self":[{"href":"https:\/\/antiquites-bastian.com\/en\/wp-json\/wp\/v2\/product\/3270","targetHints":{"allow":["GET"]}}],"collection":[{"href":"https:\/\/antiquites-bastian.com\/en\/wp-json\/wp\/v2\/product"}],"about":[{"href":"https:\/\/antiquites-bastian.com\/en\/wp-json\/wp\/v2\/types\/product"}],"wp:featuredmedia":[{"embeddable":true,"href":"https:\/\/antiquites-bastian.com\/en\/wp-json\/wp\/v2\/media\/3231"}],"wp:attachment":[{"href":"https:\/\/antiquites-bastian.com\/en\/wp-json\/wp\/v2\/media?parent=3270"}],"wp:term":[{"taxonomy":"product_brand","embeddable":true,"href":"https:\/\/antiquites-bastian.com\/en\/wp-json\/wp\/v2\/product_brand?post=3270"},{"taxonomy":"product_cat","embeddable":true,"href":"https:\/\/antiquites-bastian.com\/en\/wp-json\/wp\/v2\/product_cat?post=3270"},{"taxonomy":"product_tag","embeddable":true,"href":"https:\/\/antiquites-bastian.com\/en\/wp-json\/wp\/v2\/product_tag?post=3270"}],"curies":[{"name":"wp","href":"https:\/\/api.w.org\/{rel}","templated":true}]}}