{"id":3269,"date":"2018-09-21T11:40:48","date_gmt":"2018-09-21T09:40:48","guid":{"rendered":"https:\/\/www.antiquites-bastian.com\/boutique\/uncategorized\/le-triompe-de-jean-de-la-fontaine\/"},"modified":"2019-06-19T13:40:26","modified_gmt":"2019-06-19T11:40:26","slug":"le-triompe-de-jean-de-la-fontaine","status":"publish","type":"product","link":"https:\/\/antiquites-bastian.com\/en\/majb-editions\/le-triompe-de-jean-de-la-fontaine\/","title":{"rendered":"Le triompe de Jean de La Fontaine"},"content":{"rendered":"<p>Le triomphe de Jean de la Fontaine, ce sont 24 fables illustr\u00e9es par Jean Bastian, alias \u00ab Papi Jean \u00bb. Cigale, fourmi, corbeau, renard, ch\u00eane, roseau\u2026 Un monde peupl\u00e9 d\u2019animaux aussi \u00e9tonnants les uns que les autres sous une plume truculente et irr\u00e9sistible.<\/p>\n<p>ISBN : 2-9519298-4-6<br \/>\nDate de publication : novembre 2011<br \/>\nEditions M.A.J.B.<br \/>\nImprimeur : Imprimerie Valblor, Illkirch-Graffenstaden, Alsace<br \/>\nOuvrage broch\u00e9<br \/>\nNombre de pages : 54<\/p>\n<p><span style=\"color: #ff0000;\"><b style=\"color: #ff0000;\">En stock, exp\u00e9di\u00e9 d\u00e8s <\/b><b>r\u00e9ception<\/b><b style=\"color: #ff0000;\"> du paiement.\u00a0<\/b><\/span><\/p>\n<p><a href=\"\/?page_id=3073\"><strong>=&gt; Comment nous r\u00e9gler ?<\/strong><\/a><\/p>\n","protected":false},"excerpt":{"rendered":"<p>Le triomphe de Jean de la Fontaine, ce sont 24 fables illustr\u00e9es par Jean Bastian, alias \u00ab Papi Jean \u00bb.<\/p>\n","protected":false},"featured_media":3196,"template":"","meta":[],"product_brand":[],"product_cat":[96],"product_tag":[],"class_list":{"0":"post-3269","1":"product","2":"type-product","3":"status-publish","4":"has-post-thumbnail","6":"product_cat-majb-editions","8":"first","9":"instock","10":"shipping-taxable","11":"purchasable","12":"product-type-simple"},"_links":{"self":[{"href":"https:\/\/antiquites-bastian.com\/en\/wp-json\/wp\/v2\/product\/3269","targetHints":{"allow":["GET"]}}],"collection":[{"href":"https:\/\/antiquites-bastian.com\/en\/wp-json\/wp\/v2\/product"}],"about":[{"href":"https:\/\/antiquites-bastian.com\/en\/wp-json\/wp\/v2\/types\/product"}],"wp:featuredmedia":[{"embeddable":true,"href":"https:\/\/antiquites-bastian.com\/en\/wp-json\/wp\/v2\/media\/3196"}],"wp:attachment":[{"href":"https:\/\/antiquites-bastian.com\/en\/wp-json\/wp\/v2\/media?parent=3269"}],"wp:term":[{"taxonomy":"product_brand","embeddable":true,"href":"https:\/\/antiquites-bastian.com\/en\/wp-json\/wp\/v2\/product_brand?post=3269"},{"taxonomy":"product_cat","embeddable":true,"href":"https:\/\/antiquites-bastian.com\/en\/wp-json\/wp\/v2\/product_cat?post=3269"},{"taxonomy":"product_tag","embeddable":true,"href":"https:\/\/antiquites-bastian.com\/en\/wp-json\/wp\/v2\/product_tag?post=3269"}],"curies":[{"name":"wp","href":"https:\/\/api.w.org\/{rel}","templated":true}]}}