{"id":3268,"date":"2018-09-21T11:41:26","date_gmt":"2018-09-21T09:41:26","guid":{"rendered":"https:\/\/www.antiquites-bastian.com\/boutique\/uncategorized\/les-recettes-de-grand-papa-francois-illustrees-par-papi-jean\/"},"modified":"2019-06-19T13:40:21","modified_gmt":"2019-06-19T11:40:21","slug":"les-recettes-de-grand-papa-francois-illustrees-par-papi-jean","status":"publish","type":"product","link":"https:\/\/antiquites-bastian.com\/en\/majb-editions\/les-recettes-de-grand-papa-francois-illustrees-par-papi-jean\/","title":{"rendered":"Les recettes de Grand-Papa Fran\u00e7ois illustr\u00e9es par Papi Jean"},"content":{"rendered":"<p>Cet ouvrage est r\u00e9alis\u00e9 gr\u00e2ce \u00e0 la plume de Fran\u00e7ois Reibel et au crayon de Jean Bastian, le premier, un restaurateur de Ribeauvill\u00e9 \u00e0 la retraite et le second, un ancien antiquaire \u00e9galement dessinateur. De leur rencontre est n\u00e9 ce livre culinaire plein de saveurs auquel Grand-papa Fran\u00e7ois songeait depuis quelque temps d\u00e9j\u00e0. Classiques alsaciens revisit\u00e9s, tels les escargots feuillet\u00e9s \u00ab \u00e0 ma fa\u00e7on \u00bb, l\u2019oie en choucroute ou encore les beignets de carnaval \u00ab Schenkala \u00bb ou \u00ab Scharwa \u00bb, c\u00f4toient des mets d\u2019origines plus lointaines : Bortsch et Pirojki, Ma\u00ef-Ma\u00ef, Gravlax de saumon, etc. Venez savourer les croquis et planches de Papi Jean qui vous mettront avec humour l\u2019eau \u00e0 la bouche avant de cuisiner vous-m\u00eame une des quarante-cinq recettes de Grand-Papa Fran\u00e7ois.<\/p>\n<p>ISBN : 2-9519298-5-4<br \/>\nDate de publication : novembre 2015<br \/>\nEditions M.A.J.B.<br \/>\nImprimeur : Imprimerie Valblor, Illkirch-Graffenstaden, Alsace<br \/>\nNombre de pages : 72<br \/>\nOuvrage broch\u00e9<\/p>\n<p><span style=\"color: #ff0000;\"><b style=\"color: #ff0000;\">En stock, exp\u00e9di\u00e9 d\u00e8s <\/b><b>r\u00e9ception<\/b><b style=\"color: #ff0000;\"> du paiement.\u00a0<\/b><\/span><\/p>\n<p><a href=\"\/?page_id=3073\"><strong>=&gt; Comment nous r\u00e9gler ?<\/strong><\/a><\/p>\n","protected":false},"excerpt":{"rendered":"<p>Cet ouvrage est r\u00e9alis\u00e9 gr\u00e2ce \u00e0 la plume de Fran\u00e7ois Reibel et au crayon de Jean Bastian, le premier, un<\/p>\n","protected":false},"featured_media":3229,"template":"","meta":[],"product_brand":[],"product_cat":[96],"product_tag":[],"class_list":{"0":"post-3268","1":"product","2":"type-product","3":"status-publish","4":"has-post-thumbnail","6":"product_cat-majb-editions","8":"first","9":"instock","10":"shipping-taxable","11":"purchasable","12":"product-type-simple"},"_links":{"self":[{"href":"https:\/\/antiquites-bastian.com\/en\/wp-json\/wp\/v2\/product\/3268","targetHints":{"allow":["GET"]}}],"collection":[{"href":"https:\/\/antiquites-bastian.com\/en\/wp-json\/wp\/v2\/product"}],"about":[{"href":"https:\/\/antiquites-bastian.com\/en\/wp-json\/wp\/v2\/types\/product"}],"wp:featuredmedia":[{"embeddable":true,"href":"https:\/\/antiquites-bastian.com\/en\/wp-json\/wp\/v2\/media\/3229"}],"wp:attachment":[{"href":"https:\/\/antiquites-bastian.com\/en\/wp-json\/wp\/v2\/media?parent=3268"}],"wp:term":[{"taxonomy":"product_brand","embeddable":true,"href":"https:\/\/antiquites-bastian.com\/en\/wp-json\/wp\/v2\/product_brand?post=3268"},{"taxonomy":"product_cat","embeddable":true,"href":"https:\/\/antiquites-bastian.com\/en\/wp-json\/wp\/v2\/product_cat?post=3268"},{"taxonomy":"product_tag","embeddable":true,"href":"https:\/\/antiquites-bastian.com\/en\/wp-json\/wp\/v2\/product_tag?post=3268"}],"curies":[{"name":"wp","href":"https:\/\/api.w.org\/{rel}","templated":true}]}}