{"id":3267,"date":"2018-09-21T11:42:01","date_gmt":"2018-09-21T09:42:01","guid":{"rendered":"https:\/\/www.antiquites-bastian.com\/boutique\/uncategorized\/strasbourg-quartier-cathedrale\/"},"modified":"2019-06-19T13:40:13","modified_gmt":"2019-06-19T11:40:13","slug":"strasbourg-quartier-cathedrale","status":"publish","type":"product","link":"https:\/\/antiquites-bastian.com\/en\/majb-editions\/strasbourg-quartier-cathedrale\/","title":{"rendered":"Strasbourg quartier Cathe\u0301drale"},"content":{"rendered":"<p>Strasbourg Le quartier cath\u00e9drale : Vieux m\u00e9tiers et expressions alsaciennes v\u00e9cus et racont\u00e9s en images par Jean Bastian<\/p>\n<p>Pr\u00e9sentation :<\/p>\n<p>Le quartier de la Cath\u00e9drale de Papi Jean, c\u2019est tout le v\u00e9cu ressenti, analys\u00e9 par un petit gar\u00e7on observateur, traduit en dessins par l\u2019artiste qu\u2019il est devenu. Egalement antiquaire (quatri\u00e8me g\u00e9n\u00e9ration), vivant et exer\u00e7ant au pied de la cath\u00e9drale de Strasbourg, il nous pr\u00e9sente des m\u00e9tiers, disparus ou non, des histoires, \u00e9v\u00e9nements ou expressions alsaciennes au caract\u00e8re pittoresque, en majorit\u00e9 situ\u00e9s dans la p\u00e9riode 1920-1970. Papi Jean se raconte dans chaque dessin, et charme, par la nettet\u00e9 de ses souvenirs et la fra\u00eecheur intacte de sa verve.<\/p>\n<p>ISBN : 2-9519298-6-2<br \/>\nDate de publication : novembre 2015<br \/>\nEditions M.A.J.B.<br \/>\nImprimeur : Imprimerie Valblor, Illkirch-Graffenstaden, Alsace<br \/>\nNombre de pages : 58<br \/>\nOuvrage broch\u00e9<\/p>\n<p><span style=\"color: #ff0000;\"><b style=\"color: #ff0000;\">En stock, exp\u00e9di\u00e9 d\u00e8s <\/b><b>r\u00e9ception<\/b><b style=\"color: #ff0000;\"> du paiement.\u00a0<\/b><\/span><\/p>\n<p><a href=\"\/?page_id=3073\"><strong>=&gt; Comment nous r\u00e9gler ?<\/strong><\/a><\/p>\n","protected":false},"excerpt":{"rendered":"<p>Strasbourg Le quartier cath\u00e9drale : Vieux m\u00e9tiers et expressions alsaciennes v\u00e9cus et racont\u00e9s en images par Jean Bastian Pr\u00e9sentation :<\/p>\n","protected":false},"featured_media":3212,"template":"","meta":[],"product_brand":[],"product_cat":[96],"product_tag":[],"class_list":{"0":"post-3267","1":"product","2":"type-product","3":"status-publish","4":"has-post-thumbnail","6":"product_cat-majb-editions","8":"first","9":"instock","10":"shipping-taxable","11":"purchasable","12":"product-type-simple"},"_links":{"self":[{"href":"https:\/\/antiquites-bastian.com\/en\/wp-json\/wp\/v2\/product\/3267","targetHints":{"allow":["GET"]}}],"collection":[{"href":"https:\/\/antiquites-bastian.com\/en\/wp-json\/wp\/v2\/product"}],"about":[{"href":"https:\/\/antiquites-bastian.com\/en\/wp-json\/wp\/v2\/types\/product"}],"wp:featuredmedia":[{"embeddable":true,"href":"https:\/\/antiquites-bastian.com\/en\/wp-json\/wp\/v2\/media\/3212"}],"wp:attachment":[{"href":"https:\/\/antiquites-bastian.com\/en\/wp-json\/wp\/v2\/media?parent=3267"}],"wp:term":[{"taxonomy":"product_brand","embeddable":true,"href":"https:\/\/antiquites-bastian.com\/en\/wp-json\/wp\/v2\/product_brand?post=3267"},{"taxonomy":"product_cat","embeddable":true,"href":"https:\/\/antiquites-bastian.com\/en\/wp-json\/wp\/v2\/product_cat?post=3267"},{"taxonomy":"product_tag","embeddable":true,"href":"https:\/\/antiquites-bastian.com\/en\/wp-json\/wp\/v2\/product_tag?post=3267"}],"curies":[{"name":"wp","href":"https:\/\/api.w.org\/{rel}","templated":true}]}}