{"id":3142,"date":"2018-04-10T11:39:25","date_gmt":"2018-04-10T09:39:25","guid":{"rendered":"https:\/\/www.antiquites-bastian.com\/boutique\/uncategorized\/cuillere-a-saupoudrer-en-vermeil\/"},"modified":"2019-06-19T14:02:19","modified_gmt":"2019-06-19T12:02:19","slug":"cuillere-a-saupoudrer-en-vermeil","status":"publish","type":"product","link":"https:\/\/antiquites-bastian.com\/en\/vendu\/cuillere-a-saupoudrer-en-vermeil\/","title":{"rendered":"Cuill\u00e8re a saupoudrer en vermeil"},"content":{"rendered":"<p>Une cuill\u00e8re \u00e0 saupoudrer en vermeil, mod\u00e8le est \u00e0 filet, r\u00e9alis\u00e9e en 1787 \u00e0 Strasbourg. Le cuilleron de cette cuill\u00e8re \u00e0 sucre est reperc\u00e9 d\u2019une couronne de branches de laurier courant autour d\u2019une rose centrale. De style Louis XVI, elle a \u00e9t\u00e9 fabriqu\u00e9e par Johann Heinrich Oertel, ma\u00eetre en 1749, originaire de Berlin. L\u2019argent dor\u00e9, que les orf\u00e8vres strasbourgeois ma\u00eetrisaient \u00e0 la perfection, est tr\u00e8s bien conserv\u00e9.<\/p>\n<p>&nbsp;<\/p>\n<p>Origine : Strasbourg<\/p>\n<p>\u00c9poque : 1787<\/p>\n<p>Longueur : 22 cm<\/p>\n<p>Poids : 114 g<\/p>\n<p>\u00c9tat de conservation : parfait<\/p>\n<p>&nbsp;<\/p>\n<p>&nbsp;<\/p>\n","protected":false},"excerpt":{"rendered":"<p>Une cuill\u00e8re \u00e0 saupoudrer en vermeil, mod\u00e8le est \u00e0 filet, r\u00e9alis\u00e9e en 1787 \u00e0 Strasbourg<\/p>\n","protected":false},"featured_media":2818,"template":"","meta":[],"product_brand":[],"product_cat":[112],"product_tag":[88],"class_list":{"0":"post-3142","1":"product","2":"type-product","3":"status-publish","4":"has-post-thumbnail","6":"product_cat-vendu","7":"product_tag-xviiie-en","9":"first","10":"outofstock","11":"sold-individually","12":"shipping-taxable","13":"product-type-simple"},"_links":{"self":[{"href":"https:\/\/antiquites-bastian.com\/en\/wp-json\/wp\/v2\/product\/3142","targetHints":{"allow":["GET"]}}],"collection":[{"href":"https:\/\/antiquites-bastian.com\/en\/wp-json\/wp\/v2\/product"}],"about":[{"href":"https:\/\/antiquites-bastian.com\/en\/wp-json\/wp\/v2\/types\/product"}],"wp:featuredmedia":[{"embeddable":true,"href":"https:\/\/antiquites-bastian.com\/en\/wp-json\/wp\/v2\/media\/2818"}],"wp:attachment":[{"href":"https:\/\/antiquites-bastian.com\/en\/wp-json\/wp\/v2\/media?parent=3142"}],"wp:term":[{"taxonomy":"product_brand","embeddable":true,"href":"https:\/\/antiquites-bastian.com\/en\/wp-json\/wp\/v2\/product_brand?post=3142"},{"taxonomy":"product_cat","embeddable":true,"href":"https:\/\/antiquites-bastian.com\/en\/wp-json\/wp\/v2\/product_cat?post=3142"},{"taxonomy":"product_tag","embeddable":true,"href":"https:\/\/antiquites-bastian.com\/en\/wp-json\/wp\/v2\/product_tag?post=3142"}],"curies":[{"name":"wp","href":"https:\/\/api.w.org\/{rel}","templated":true}]}}