{"id":3141,"date":"2018-04-10T11:46:02","date_gmt":"2018-04-10T09:46:02","guid":{"rendered":"https:\/\/www.antiquites-bastian.com\/boutique\/uncategorized\/cuilleres-a-cafe-en-vermeil-de-ba%cc%82le\/"},"modified":"2019-06-19T14:02:02","modified_gmt":"2019-06-19T12:02:02","slug":"cuilleres-a-cafe-en-vermeil-de-ba%cc%82le","status":"publish","type":"product","link":"https:\/\/antiquites-bastian.com\/en\/vendu\/cuilleres-a-cafe-en-vermeil-de-ba%cc%82le\/","title":{"rendered":"Cuilleres a\u0300 cafe\u0301 en vermeil de Ba\u0302le"},"content":{"rendered":"<p>Six cuill\u00e8res \u00e0 caf\u00e9 en argent dor\u00e9 de mod\u00e8le uni plat dans leur \u00e9crin en maroquin, r\u00e9alis\u00e9es \u00e0 B\u00e2le par Johann Peter Schaltenbrand. Le d\u00e9cor se r\u00e9sume aux angles biseaut\u00e9s et au vermeil. L\u2019\u00e9crin en cuir rouge est gaufr\u00e9 d\u2019une frise de lambrequins dor\u00e9s sur les c\u00f4t\u00e9s et de quatre fleurs sur les angles. Le ma\u00eetre orf\u00e8vre Johann Peter Schaltenbrand, re\u00e7u ma\u00eetre en 1764 et actif jusqu\u2019en 1780, produit abondamment des pi\u00e8ces d\u2019argenterie dans la cit\u00e9 b\u00e2loise. D\u2019apr\u00e8s le poin\u00e7on de B\u00e2le \u00e0 la crosse d\u2019\u00e9v\u00eaque, cet ensemble a \u00e9t\u00e9 r\u00e9alis\u00e9 entre 1763 et 1775.<\/p>\n<p>&nbsp;<\/p>\n<p>Origine : B\u00e2le, Suisse<\/p>\n<p>\u00c9poque : vers 1763 \u2013 1775<\/p>\n<p>Dimensions \u00e9crin : 16,8 x 9,4 x 3,7 cm<\/p>\n<p>Longueur cuill\u00e8re : 15,2 cm<\/p>\n<p>Poids total de l\u2019argent : 168 g<\/p>\n<p>\u00c9tat de conservation : tr\u00e8s bon<\/p>\n","protected":false},"excerpt":{"rendered":"<p>Six cuill\u00e8res \u00e0 caf\u00e9 en argent dor\u00e9 de mod\u00e8le uni plat dans leur \u00e9crin en maroquin, r\u00e9alis\u00e9es \u00e0 B\u00e2le par Johann Peter Schaltenbrand<\/p>\n","protected":false},"featured_media":2822,"template":"","meta":[],"product_brand":[],"product_cat":[112],"product_tag":[88],"class_list":{"0":"post-3141","1":"product","2":"type-product","3":"status-publish","4":"has-post-thumbnail","6":"product_cat-vendu","7":"product_tag-xviiie-en","9":"first","10":"outofstock","11":"sold-individually","12":"shipping-taxable","13":"product-type-simple"},"_links":{"self":[{"href":"https:\/\/antiquites-bastian.com\/en\/wp-json\/wp\/v2\/product\/3141","targetHints":{"allow":["GET"]}}],"collection":[{"href":"https:\/\/antiquites-bastian.com\/en\/wp-json\/wp\/v2\/product"}],"about":[{"href":"https:\/\/antiquites-bastian.com\/en\/wp-json\/wp\/v2\/types\/product"}],"wp:featuredmedia":[{"embeddable":true,"href":"https:\/\/antiquites-bastian.com\/en\/wp-json\/wp\/v2\/media\/2822"}],"wp:attachment":[{"href":"https:\/\/antiquites-bastian.com\/en\/wp-json\/wp\/v2\/media?parent=3141"}],"wp:term":[{"taxonomy":"product_brand","embeddable":true,"href":"https:\/\/antiquites-bastian.com\/en\/wp-json\/wp\/v2\/product_brand?post=3141"},{"taxonomy":"product_cat","embeddable":true,"href":"https:\/\/antiquites-bastian.com\/en\/wp-json\/wp\/v2\/product_cat?post=3141"},{"taxonomy":"product_tag","embeddable":true,"href":"https:\/\/antiquites-bastian.com\/en\/wp-json\/wp\/v2\/product_tag?post=3141"}],"curies":[{"name":"wp","href":"https:\/\/api.w.org\/{rel}","templated":true}]}}