{"id":3139,"date":"2018-04-10T11:57:15","date_gmt":"2018-04-10T09:57:15","guid":{"rendered":"https:\/\/www.antiquites-bastian.com\/boutique\/uncategorized\/lionne-couchee-de-charles-valton\/"},"modified":"2019-06-19T14:01:51","modified_gmt":"2019-06-19T12:01:51","slug":"lionne-couchee-de-charles-valton","status":"publish","type":"product","link":"https:\/\/antiquites-bastian.com\/en\/vendu\/lionne-couchee-de-charles-valton\/","title":{"rendered":"Lionne couche\u0301e de Charles Valton"},"content":{"rendered":"<p>Un bronze patin\u00e9 pr\u00e9sentant une lionne couch\u00e9e par Charles Valton (1851-1918). Le f\u00e9lin est allong\u00e9 sur son flanc gauche sur le rebord d\u2019un rocher tout en relevant la t\u00eate. Le fondeur est identifi\u00e9 par la marque \u00ab E.COLIN &amp; Cie\/PARIS \u00bb, actif dans la seconde moiti\u00e9 du XIXe si\u00e8cle. Charles Valton \u00e9tait un sculpteur animalier passionn\u00e9 par les fauves dont il a r\u00e9alis\u00e9 de nombreux mod\u00e8les en s\u2019inspirant de ceux vivant aux jardin des Plantes \u00e0 Paris. \u00c9l\u00e8ve de Barye et de Fr\u00e9miet, l\u2019artiste r\u00e9ussit ici \u00e0 capter l\u2019instantan\u00e9it\u00e9 du mouvement de l\u2019animal.<\/p>\n<p>&nbsp;<\/p>\n<p>\u00c9poque : dernier quart du XIXe si\u00e8cle<\/p>\n<p>Hauteur : 15 cm<\/p>\n<p>Largeur : 24 cm<\/p>\n<p>Profondeur : 11,5 cm<\/p>\n<p>\u00c9tat de conservation : parfait<\/p>\n","protected":false},"excerpt":{"rendered":"<p>Un bronze patin\u00e9 pr\u00e9sentant une lionne couch\u00e9e par Charles Valton (1851-1918)<\/p>\n","protected":false},"featured_media":2837,"template":"","meta":[],"product_brand":[],"product_cat":[112],"product_tag":[86],"class_list":{"0":"post-3139","1":"product","2":"type-product","3":"status-publish","4":"has-post-thumbnail","6":"product_cat-vendu","7":"product_tag-xixe-en","9":"first","10":"outofstock","11":"sold-individually","12":"shipping-taxable","13":"product-type-simple"},"_links":{"self":[{"href":"https:\/\/antiquites-bastian.com\/en\/wp-json\/wp\/v2\/product\/3139","targetHints":{"allow":["GET"]}}],"collection":[{"href":"https:\/\/antiquites-bastian.com\/en\/wp-json\/wp\/v2\/product"}],"about":[{"href":"https:\/\/antiquites-bastian.com\/en\/wp-json\/wp\/v2\/types\/product"}],"wp:featuredmedia":[{"embeddable":true,"href":"https:\/\/antiquites-bastian.com\/en\/wp-json\/wp\/v2\/media\/2837"}],"wp:attachment":[{"href":"https:\/\/antiquites-bastian.com\/en\/wp-json\/wp\/v2\/media?parent=3139"}],"wp:term":[{"taxonomy":"product_brand","embeddable":true,"href":"https:\/\/antiquites-bastian.com\/en\/wp-json\/wp\/v2\/product_brand?post=3139"},{"taxonomy":"product_cat","embeddable":true,"href":"https:\/\/antiquites-bastian.com\/en\/wp-json\/wp\/v2\/product_cat?post=3139"},{"taxonomy":"product_tag","embeddable":true,"href":"https:\/\/antiquites-bastian.com\/en\/wp-json\/wp\/v2\/product_tag?post=3139"}],"curies":[{"name":"wp","href":"https:\/\/api.w.org\/{rel}","templated":true}]}}