{"id":3137,"date":"2018-04-10T12:07:54","date_gmt":"2018-04-10T10:07:54","guid":{"rendered":"https:\/\/www.antiquites-bastian.com\/boutique\/uncategorized\/mortier-bronze\/"},"modified":"2019-06-19T13:43:02","modified_gmt":"2019-06-19T11:43:02","slug":"mortier-bronze","status":"publish","type":"product","link":"https:\/\/antiquites-bastian.com\/en\/vendu\/mortier-bronze\/","title":{"rendered":"Mortier bronze"},"content":{"rendered":"<p>Un mortier en bronze et son pilon \u00e0 patine brune sombre, r\u00e9alis\u00e9 par le ma\u00eetre IC-IF du Puy-en-Velay\u00b9. La paroi conique pr\u00e9sente un d\u00e9cor d\u2019applications \u00e0 la cire compos\u00e9 de cinq cariatides qui s\u00e9parent cinq m\u00e9daillons. Parmi eux, on y distingue un faune hurlant, une diane chasseresse (?), une V\u00e9nus et l\u2019Amour, et deux rosaces. La corniche du col est garnie de listels scand\u00e9s de fleurs et la base, qui s\u2019\u00e9largit par rapport \u00e0 la paroi, est moulur\u00e9e de bandeaux. La fonte et la reprise de ciselure de ce mortier sont particuli\u00e8rement r\u00e9ussies.<\/p>\n<p>\u00b9cf Bertrand BERGBAUER, Les mortiers fran\u00e7ais en bronze du XVIe au XVIIIe si\u00e8cle, production, iconographie et diffusion, th\u00e8se de doctorat soutenue en 2012 \u00e0 l\u2019universit\u00e9 de Picardie Jules Verne, 2012.<\/p>\n<p>&nbsp;<\/p>\n<p>Epoque : entre 1640 et 1660<\/p>\n<p>Hauteur : 8,5 cm<\/p>\n<p>Diam\u00e8tre : 12,3, cm<\/p>\n<p>Etat de conservation : tr\u00e8s bon<\/p>\n","protected":false},"excerpt":{"rendered":"<p>Un mortier en bronze et son pilon \u00e0 patine brune sombre, r\u00e9alis\u00e9 par le ma\u00eetre IC-IF du Puy-en-Velay\u00b9<\/p>\n","protected":false},"featured_media":2855,"template":"","meta":[],"product_brand":[],"product_cat":[112],"product_tag":[89],"class_list":{"0":"post-3137","1":"product","2":"type-product","3":"status-publish","4":"has-post-thumbnail","6":"product_cat-vendu","7":"product_tag-xviie-en","9":"first","10":"outofstock","11":"sold-individually","12":"shipping-taxable","13":"product-type-simple"},"_links":{"self":[{"href":"https:\/\/antiquites-bastian.com\/en\/wp-json\/wp\/v2\/product\/3137","targetHints":{"allow":["GET"]}}],"collection":[{"href":"https:\/\/antiquites-bastian.com\/en\/wp-json\/wp\/v2\/product"}],"about":[{"href":"https:\/\/antiquites-bastian.com\/en\/wp-json\/wp\/v2\/types\/product"}],"wp:featuredmedia":[{"embeddable":true,"href":"https:\/\/antiquites-bastian.com\/en\/wp-json\/wp\/v2\/media\/2855"}],"wp:attachment":[{"href":"https:\/\/antiquites-bastian.com\/en\/wp-json\/wp\/v2\/media?parent=3137"}],"wp:term":[{"taxonomy":"product_brand","embeddable":true,"href":"https:\/\/antiquites-bastian.com\/en\/wp-json\/wp\/v2\/product_brand?post=3137"},{"taxonomy":"product_cat","embeddable":true,"href":"https:\/\/antiquites-bastian.com\/en\/wp-json\/wp\/v2\/product_cat?post=3137"},{"taxonomy":"product_tag","embeddable":true,"href":"https:\/\/antiquites-bastian.com\/en\/wp-json\/wp\/v2\/product_tag?post=3137"}],"curies":[{"name":"wp","href":"https:\/\/api.w.org\/{rel}","templated":true}]}}