{"id":3135,"date":"2018-04-10T12:17:10","date_gmt":"2018-04-10T10:17:10","guid":{"rendered":"https:\/\/www.antiquites-bastian.com\/boutique\/uncategorized\/paysage-de-lucien-haffen\/"},"modified":"2019-06-19T14:01:39","modified_gmt":"2019-06-19T12:01:39","slug":"paysage-de-lucien-haffen","status":"publish","type":"product","link":"https:\/\/antiquites-bastian.com\/en\/vendu\/paysage-de-lucien-haffen\/","title":{"rendered":"Paysage de Lucien Haffen"},"content":{"rendered":"<p>Une peinture \u00e0 l\u2019huile sur toile pr\u00e9sentant un paysage d\u2019automne par Lucien Haffen (1888-1968). Diff\u00e9rents arbres se dressent dans un champ dont les teintes orang\u00e9es se retrouvent dans les toitures du village au second plan. Des montagnes bleues ferment la perspective sous un ciel azur. L\u2019artiste utilise une gamme chromatique tr\u00e8s large avec de nombreuses oppositions de couleurs tels bleus et oranges, verts et rouges d\u2019o\u00f9 se d\u00e9tachent les silhouettes sombres des arbres. La toile est sign\u00e9e au coin inf\u00e9rieur droit \u00ab Lucien Haffen \u00bb.<\/p>\n<p>&nbsp;<\/p>\n<p>Dimensions au cadre :<\/p>\n<p>Hauteur : 68,5 cm<\/p>\n<p>Largeur : 79,5 cm<\/p>\n<p>&nbsp;<\/p>\n<p>Dimensions \u00e0 la toile :<\/p>\n<p>Hauteur : 48,5 cm<\/p>\n<p>Largeur : 59,5 cm<\/p>\n<p>\u00c9tat de conservation : parfait<\/p>\n","protected":false},"excerpt":{"rendered":"<p>Une peinture \u00e0 l\u2019huile sur toile pr\u00e9sentant un paysage d\u2019automne par Lucien Haffen (1888-1968)<\/p>\n","protected":false},"featured_media":2870,"template":"","meta":[],"product_brand":[],"product_cat":[112],"product_tag":[],"class_list":{"0":"post-3135","1":"product","2":"type-product","3":"status-publish","4":"has-post-thumbnail","6":"product_cat-vendu","8":"first","9":"outofstock","10":"sold-individually","11":"shipping-taxable","12":"product-type-simple"},"_links":{"self":[{"href":"https:\/\/antiquites-bastian.com\/en\/wp-json\/wp\/v2\/product\/3135","targetHints":{"allow":["GET"]}}],"collection":[{"href":"https:\/\/antiquites-bastian.com\/en\/wp-json\/wp\/v2\/product"}],"about":[{"href":"https:\/\/antiquites-bastian.com\/en\/wp-json\/wp\/v2\/types\/product"}],"wp:featuredmedia":[{"embeddable":true,"href":"https:\/\/antiquites-bastian.com\/en\/wp-json\/wp\/v2\/media\/2870"}],"wp:attachment":[{"href":"https:\/\/antiquites-bastian.com\/en\/wp-json\/wp\/v2\/media?parent=3135"}],"wp:term":[{"taxonomy":"product_brand","embeddable":true,"href":"https:\/\/antiquites-bastian.com\/en\/wp-json\/wp\/v2\/product_brand?post=3135"},{"taxonomy":"product_cat","embeddable":true,"href":"https:\/\/antiquites-bastian.com\/en\/wp-json\/wp\/v2\/product_cat?post=3135"},{"taxonomy":"product_tag","embeddable":true,"href":"https:\/\/antiquites-bastian.com\/en\/wp-json\/wp\/v2\/product_tag?post=3135"}],"curies":[{"name":"wp","href":"https:\/\/api.w.org\/{rel}","templated":true}]}}