{"id":3134,"date":"2018-04-10T12:22:38","date_gmt":"2018-04-10T10:22:38","guid":{"rendered":"https:\/\/www.antiquites-bastian.com\/boutique\/uncategorized\/petit-miroir-rocaille-strasbourgeois\/"},"modified":"2019-06-19T13:41:58","modified_gmt":"2019-06-19T11:41:58","slug":"petit-miroir-rocaille-strasbourgeois","status":"publish","type":"product","link":"https:\/\/antiquites-bastian.com\/en\/vendu\/petit-miroir-rocaille-strasbourgeois\/","title":{"rendered":"Petit miroir rocaille strasbourgeois"},"content":{"rendered":"<p>Un petit miroir rocaille de style strasbourgeois en bois moulur\u00e9, sculpt\u00e9 et dor\u00e9. Les coins sup\u00e9rieurs arrondis sont couronn\u00e9s d\u2019une palmette \u00e0 cinq feuilles typique de l\u2019ornementation des miroirs strasbourgeois. La dorure pr\u00e9sente des motifs v\u00e9g\u00e9taux r\u00e9alis\u00e9s dans la reparure.<\/p>\n<p>&nbsp;<\/p>\n<p>Epoque : vers 1760 \u2013 1770<\/p>\n<p>Hauteur : 51 cm<\/p>\n<p>Largeur : 38 cm<\/p>\n<p>Etat de conservation : cadre anciennement redor\u00e9, miroir remplac\u00e9 \u00e0 la fin du XIXe si\u00e8cle<\/p>\n","protected":false},"excerpt":{"rendered":"<p>Un petit miroir rocaille de style strasbourgeois en bois moulur\u00e9, sculpt\u00e9 et dor\u00e9<\/p>\n","protected":false},"featured_media":2878,"template":"","meta":[],"product_brand":[],"product_cat":[112],"product_tag":[88],"class_list":{"0":"post-3134","1":"product","2":"type-product","3":"status-publish","4":"has-post-thumbnail","6":"product_cat-vendu","7":"product_tag-xviiie-en","9":"first","10":"outofstock","11":"sold-individually","12":"shipping-taxable","13":"product-type-simple"},"_links":{"self":[{"href":"https:\/\/antiquites-bastian.com\/en\/wp-json\/wp\/v2\/product\/3134","targetHints":{"allow":["GET"]}}],"collection":[{"href":"https:\/\/antiquites-bastian.com\/en\/wp-json\/wp\/v2\/product"}],"about":[{"href":"https:\/\/antiquites-bastian.com\/en\/wp-json\/wp\/v2\/types\/product"}],"wp:featuredmedia":[{"embeddable":true,"href":"https:\/\/antiquites-bastian.com\/en\/wp-json\/wp\/v2\/media\/2878"}],"wp:attachment":[{"href":"https:\/\/antiquites-bastian.com\/en\/wp-json\/wp\/v2\/media?parent=3134"}],"wp:term":[{"taxonomy":"product_brand","embeddable":true,"href":"https:\/\/antiquites-bastian.com\/en\/wp-json\/wp\/v2\/product_brand?post=3134"},{"taxonomy":"product_cat","embeddable":true,"href":"https:\/\/antiquites-bastian.com\/en\/wp-json\/wp\/v2\/product_cat?post=3134"},{"taxonomy":"product_tag","embeddable":true,"href":"https:\/\/antiquites-bastian.com\/en\/wp-json\/wp\/v2\/product_tag?post=3134"}],"curies":[{"name":"wp","href":"https:\/\/api.w.org\/{rel}","templated":true}]}}