{"id":3131,"date":"2018-04-10T12:40:53","date_gmt":"2018-04-10T10:40:53","guid":{"rendered":"https:\/\/www.antiquites-bastian.com\/boutique\/uncategorized\/tasse-et-sous-tasse-en-porcelaine\/"},"modified":"2020-05-29T19:04:47","modified_gmt":"2020-05-29T17:04:47","slug":"tasse-et-sous-tasse-en-porcelaine","status":"publish","type":"product","link":"https:\/\/antiquites-bastian.com\/en\/vendu\/tasse-et-sous-tasse-en-porcelaine\/","title":{"rendered":"Tasse et sous-tasse en porcelaine"},"content":{"rendered":"<p>Une tasse et sous-tasse en porcelaine de Dagoty \u00e0 Paris. La tasse pr\u00e9sente un d\u00e9cor de biscuit de porcelaine orn\u00e9 sur la paroi de feuilles stylis\u00e9es scand\u00e9es de rosaces. Les parois int\u00e9rieures sont dor\u00e9es, tandis que le fond est blanc recouvert d\u2019\u00e9mail. L\u2019anse en forme d\u2019oreille est \u00e9galement dor\u00e9e. Au revers, on peut lire \u00ab Dagoty \u00e0 Paris \u00bb. La sous-tasse est d\u00e9cor\u00e9e d\u2019une course de tresse sur le bord et l\u2019aile est dor\u00e9e. Au revers, on peut lire \u00ab Manufacture de S.M. l\u2019imp\u00e9ratrice P.L. DAGOTY A PARIS \u00bb.<\/p>\n<p>&nbsp;<\/p>\n<p>Epoque : d\u00e9but du XIXe si\u00e8cle<\/p>\n<p>Diam\u00e8tre sous-tasse : 15 cm<\/p>\n<p>Hauteur tasse : 9,5 cm<\/p>\n<p>Etat de conservation : anse cass\u00e9e puis recoll\u00e9e.<\/p>\n","protected":false},"excerpt":{"rendered":"<p>Une tasse et sous-tasse en porcelaine de Dagoty \u00e0 Paris<\/p>\n","protected":false},"featured_media":2901,"template":"","meta":[],"product_brand":[],"product_cat":[112],"product_tag":[86],"class_list":{"0":"post-3131","1":"product","2":"type-product","3":"status-publish","4":"has-post-thumbnail","6":"product_cat-vendu","7":"product_tag-xixe-en","9":"first","10":"outofstock","11":"sold-individually","12":"shipping-taxable","13":"product-type-simple"},"_links":{"self":[{"href":"https:\/\/antiquites-bastian.com\/en\/wp-json\/wp\/v2\/product\/3131","targetHints":{"allow":["GET"]}}],"collection":[{"href":"https:\/\/antiquites-bastian.com\/en\/wp-json\/wp\/v2\/product"}],"about":[{"href":"https:\/\/antiquites-bastian.com\/en\/wp-json\/wp\/v2\/types\/product"}],"wp:featuredmedia":[{"embeddable":true,"href":"https:\/\/antiquites-bastian.com\/en\/wp-json\/wp\/v2\/media\/2901"}],"wp:attachment":[{"href":"https:\/\/antiquites-bastian.com\/en\/wp-json\/wp\/v2\/media?parent=3131"}],"wp:term":[{"taxonomy":"product_brand","embeddable":true,"href":"https:\/\/antiquites-bastian.com\/en\/wp-json\/wp\/v2\/product_brand?post=3131"},{"taxonomy":"product_cat","embeddable":true,"href":"https:\/\/antiquites-bastian.com\/en\/wp-json\/wp\/v2\/product_cat?post=3131"},{"taxonomy":"product_tag","embeddable":true,"href":"https:\/\/antiquites-bastian.com\/en\/wp-json\/wp\/v2\/product_tag?post=3131"}],"curies":[{"name":"wp","href":"https:\/\/api.w.org\/{rel}","templated":true}]}}