{"id":3130,"date":"2018-04-10T12:46:42","date_gmt":"2018-04-10T10:46:42","guid":{"rendered":"https:\/\/www.antiquites-bastian.com\/boutique\/uncategorized\/theiere-en-faience-de-strasbourg\/"},"modified":"2020-01-14T18:04:12","modified_gmt":"2020-01-14T17:04:12","slug":"theiere-en-faience-de-strasbourg","status":"publish","type":"product","link":"https:\/\/antiquites-bastian.com\/en\/vendu\/theiere-en-faience-de-strasbourg\/","title":{"rendered":"Th\u00e9i\u00e8re en faience de Strasbourg"},"content":{"rendered":"<p>Une th\u00e9i\u00e8re en fa\u00efence de Strasbourg, Paul ou Balthazar Hannong, d\u00e9cor de grand feu en bleu et blanc d\u2019un motif de fleurs des Indes et de cailles. Ces derni\u00e8res reprennent les motifs japonais de style Kaki\u00e9mon d\u00e9j\u00e0 recopi\u00e9s \u00e0 la manufacture de Meissen d\u00e8s les ann\u00e9es 1730. La certitude de l\u2019attribution \u00e0 Strasbourg repose sur la forme employ\u00e9e \u00e0 la m\u00eame \u00e9poque en technique mixte en fleurs des Indes (cf. Jacques BASTIAN, Strasbourg, Fa\u00efences et porcelaines, 1721-1784, MAJB, Strasbourg, 2002-2003, p.217). Marque de peintre au revers en bleu sous couverte IHM. Cette th\u00e9i\u00e8re faisait partie d\u2019un service \u00e0 th\u00e9 dont une seule autre pi\u00e8ce est connue. Il s\u2019agit d\u2019un sucrier conserv\u00e9 au mus\u00e9e des arts d\u00e9coratifs de la ville de Strasbourg (Jacques BASTIAN, ibid., p.208).<\/p>\n<p>&nbsp;<\/p>\n<p>Epoque : vers 1735 \u2013 1748<\/p>\n<p>Hauteur : 12 cm<\/p>\n<p>Largeur hors tout : 19 cm<\/p>\n<p>Etat de conservation : Petit manque reconstitu\u00e9 au bec verseur, manque le couvercle, une f\u00ealure restaur\u00e9e.<\/p>\n<p>&nbsp;<\/p>\n","protected":false},"excerpt":{"rendered":"<p>Une th\u00e9i\u00e8re en fa\u00efence de Strasbourg, Paul ou Balthazar Hannong<\/p>\n","protected":false},"featured_media":2908,"template":"","meta":[],"product_brand":[],"product_cat":[112],"product_tag":[88],"class_list":{"0":"post-3130","1":"product","2":"type-product","3":"status-publish","4":"has-post-thumbnail","6":"product_cat-vendu","7":"product_tag-xviiie-en","9":"first","10":"outofstock","11":"sold-individually","12":"shipping-taxable","13":"product-type-simple"},"_links":{"self":[{"href":"https:\/\/antiquites-bastian.com\/en\/wp-json\/wp\/v2\/product\/3130","targetHints":{"allow":["GET"]}}],"collection":[{"href":"https:\/\/antiquites-bastian.com\/en\/wp-json\/wp\/v2\/product"}],"about":[{"href":"https:\/\/antiquites-bastian.com\/en\/wp-json\/wp\/v2\/types\/product"}],"wp:featuredmedia":[{"embeddable":true,"href":"https:\/\/antiquites-bastian.com\/en\/wp-json\/wp\/v2\/media\/2908"}],"wp:attachment":[{"href":"https:\/\/antiquites-bastian.com\/en\/wp-json\/wp\/v2\/media?parent=3130"}],"wp:term":[{"taxonomy":"product_brand","embeddable":true,"href":"https:\/\/antiquites-bastian.com\/en\/wp-json\/wp\/v2\/product_brand?post=3130"},{"taxonomy":"product_cat","embeddable":true,"href":"https:\/\/antiquites-bastian.com\/en\/wp-json\/wp\/v2\/product_cat?post=3130"},{"taxonomy":"product_tag","embeddable":true,"href":"https:\/\/antiquites-bastian.com\/en\/wp-json\/wp\/v2\/product_tag?post=3130"}],"curies":[{"name":"wp","href":"https:\/\/api.w.org\/{rel}","templated":true}]}}