{"id":3125,"date":"2018-04-10T13:09:22","date_gmt":"2018-04-10T11:09:22","guid":{"rendered":"https:\/\/www.antiquites-bastian.com\/boutique\/uncategorized\/vue-de-kaysersberg-par-paul-spindler\/"},"modified":"2019-06-19T13:40:46","modified_gmt":"2019-06-19T11:40:46","slug":"vue-de-kaysersberg-par-paul-spindler","status":"publish","type":"product","link":"https:\/\/antiquites-bastian.com\/en\/vendu\/vue-de-kaysersberg-par-paul-spindler\/","title":{"rendered":"Vue de Kaysersberg par Paul Spindler"},"content":{"rendered":"<p>Une marqueterie de bois pr\u00e9sentant une vue de Kaysersberg, dans le Haut-Rhin au nord de Colmar. Elle a \u00e9t\u00e9 r\u00e9alis\u00e9e par Paul Spindler (1906-1980) vers 1930-1940. Au premier plan, un porteur de hotte et trois oies animent la sc\u00e8ne. Au second plan, se dressent plusieurs maisons \u00e0 colombages, surplomb\u00e9es par le ch\u00e2teau imp\u00e9rial. Le panneau est sign\u00e9 \u00ab Spindler \u00bb dans le coin inf\u00e9rieur droit.<\/p>\n<p>&nbsp;<\/p>\n<p><strong>Dimensions au cadre :<\/strong><br \/>\nHauteur : 69,5 cm<br \/>\nLargeur : 95 cm<\/p>\n<p><strong>Dimensions au panneau :<\/strong><br \/>\nHauteur : 54 cm<br \/>\nLargeur : 80 cm<\/p>\n<p><strong>\u00c9tat de conservation :<\/strong> tr\u00e8s bon<\/p>\n","protected":false},"excerpt":{"rendered":"<p>Une marqueterie de bois pr\u00e9sentant une vue de Kaysersberg, dans le Haut-Rhin au nord de Colmar<\/p>\n","protected":false},"featured_media":2942,"template":"","meta":[],"product_brand":[],"product_cat":[112],"product_tag":[90],"class_list":{"0":"post-3125","1":"product","2":"type-product","3":"status-publish","4":"has-post-thumbnail","6":"product_cat-vendu","7":"product_tag-xxe-en","9":"first","10":"outofstock","11":"sold-individually","12":"shipping-taxable","13":"product-type-simple"},"_links":{"self":[{"href":"https:\/\/antiquites-bastian.com\/en\/wp-json\/wp\/v2\/product\/3125","targetHints":{"allow":["GET"]}}],"collection":[{"href":"https:\/\/antiquites-bastian.com\/en\/wp-json\/wp\/v2\/product"}],"about":[{"href":"https:\/\/antiquites-bastian.com\/en\/wp-json\/wp\/v2\/types\/product"}],"wp:featuredmedia":[{"embeddable":true,"href":"https:\/\/antiquites-bastian.com\/en\/wp-json\/wp\/v2\/media\/2942"}],"wp:attachment":[{"href":"https:\/\/antiquites-bastian.com\/en\/wp-json\/wp\/v2\/media?parent=3125"}],"wp:term":[{"taxonomy":"product_brand","embeddable":true,"href":"https:\/\/antiquites-bastian.com\/en\/wp-json\/wp\/v2\/product_brand?post=3125"},{"taxonomy":"product_cat","embeddable":true,"href":"https:\/\/antiquites-bastian.com\/en\/wp-json\/wp\/v2\/product_cat?post=3125"},{"taxonomy":"product_tag","embeddable":true,"href":"https:\/\/antiquites-bastian.com\/en\/wp-json\/wp\/v2\/product_tag?post=3125"}],"curies":[{"name":"wp","href":"https:\/\/api.w.org\/{rel}","templated":true}]}}