{"id":28076,"date":"2026-04-09T16:58:33","date_gmt":"2026-04-09T14:58:33","guid":{"rendered":"https:\/\/antiquites-bastian.com\/?post_type=product&#038;p=28076"},"modified":"2026-04-09T16:58:34","modified_gmt":"2026-04-09T14:58:34","slug":"bassin-de-bapteme","status":"publish","type":"product","link":"https:\/\/antiquites-bastian.com\/en\/vendu\/bassin-de-bapteme\/","title":{"rendered":"Bassin de bapt\u00eame"},"content":{"rendered":"<p class=\"p1\">Un bassin de bapt\u00eame \u00e0 couvercle, en \u00e9tain grav\u00e9. Il est pourvu d\u2019un d\u00e9cor floral grav\u00e9 ainsi que de deux m\u00e9daillons : l\u2019un repr\u00e9sente le bapt\u00eame du Christ dans le Jourdain surplomb\u00e9 du Saint-Esprit, tandis que l\u2019autre repr\u00e9sente l\u2019agneau Pascal. Le couvercle est muni d\u2019une prise de pr\u00e9hension en forme de pomme de pin, et les anses, prenant l\u2019aspect de t\u00eates d\u2019aigle, maintiennent des anneaux serpentimorphes. Le pied circulaire comporte un ornement \u00e0 carr\u00e9 sur la pointe, lui aussi grav\u00e9. En dessous du pied, on trouve l\u2019inscription \u00ab\u00a0Angeh\u00f6rich der Gemeinde Algelsheim und Volgelsheim &#8211; 1828\u00a0\u00bb (\u00ab\u00a0Appartient aux communes d\u2019Algolsheim et Volgolsheim\u00a0&#8211; 1828\u00a0\u00bb), ainsi que le poin\u00e7on du potier d\u2019\u00e9tain colmarien Christophe Waldner (1757-1827), frapp\u00e9 \u00e0 trois reprises.<\/p>\n<p class=\"p1\">Ce type de bassin de bapt\u00eame, prenant l\u2019allure de soupi\u00e8re, \u00e9tait utilis\u00e9 dans le culte protestant. Celui-ci, pr\u00e9sentant une date post\u00e9rieure \u00e0 celle du d\u00e9c\u00e8s de Christophe Waldner, a pu \u00eatre fabriqu\u00e9 avant son d\u00e9c\u00e8s et d\u00e9dicac\u00e9 a posteriori par l\u2019un de ses fils, qui a repris son atelier.<\/p>\n<p class=\"p1\">D\u2019autres pi\u00e8ces de l\u2019atelier de Christophe Waldner, identifi\u00e9es gr\u00e2ce \u00e0 ce poin\u00e7on, sont conserv\u00e9es au mus\u00e9e Unterlinden \u00e0 Colmar, mais \u00e9galement dans la paroisse protestante de Beblenheim.<\/p>\n<p class=\"p1\">\u00c9poque : vers 1828<\/p>\n<p class=\"p1\">Dimensions :<br \/>\nHauteur : 32 cm<br \/>\nDiam\u00e8tre au pied : 18,7 cm<br \/>\nLargeur aux anses : 32 cm<\/p>\n<p class=\"p1\">\u00c9tat de conservation : bon<\/p>\n","protected":false},"excerpt":{"rendered":"<p class=\"p1\">Un bassin de bapt\u00eame en \u00e9tain grav\u00e9, Christophe Weldner, vers 1828.<\/p>\n","protected":false},"featured_media":28101,"template":"","meta":[],"product_brand":[],"product_cat":[112],"product_tag":[158,2625,1639,774,328,775,671,647],"class_list":{"0":"post-28076","1":"product","2":"type-product","3":"status-publish","4":"has-post-thumbnail","6":"product_cat-vendu","7":"product_tag-alsace","8":"product_tag-bapteme","9":"product_tag-colmar","10":"product_tag-etain","11":"product_tag-poincon","12":"product_tag-potier-detain","13":"product_tag-protestant","14":"product_tag-xixe-siecle","16":"first","17":"outofstock","18":"shipping-taxable","19":"product-type-simple"},"_links":{"self":[{"href":"https:\/\/antiquites-bastian.com\/en\/wp-json\/wp\/v2\/product\/28076","targetHints":{"allow":["GET"]}}],"collection":[{"href":"https:\/\/antiquites-bastian.com\/en\/wp-json\/wp\/v2\/product"}],"about":[{"href":"https:\/\/antiquites-bastian.com\/en\/wp-json\/wp\/v2\/types\/product"}],"wp:featuredmedia":[{"embeddable":true,"href":"https:\/\/antiquites-bastian.com\/en\/wp-json\/wp\/v2\/media\/28101"}],"wp:attachment":[{"href":"https:\/\/antiquites-bastian.com\/en\/wp-json\/wp\/v2\/media?parent=28076"}],"wp:term":[{"taxonomy":"product_brand","embeddable":true,"href":"https:\/\/antiquites-bastian.com\/en\/wp-json\/wp\/v2\/product_brand?post=28076"},{"taxonomy":"product_cat","embeddable":true,"href":"https:\/\/antiquites-bastian.com\/en\/wp-json\/wp\/v2\/product_cat?post=28076"},{"taxonomy":"product_tag","embeddable":true,"href":"https:\/\/antiquites-bastian.com\/en\/wp-json\/wp\/v2\/product_tag?post=28076"}],"curies":[{"name":"wp","href":"https:\/\/api.w.org\/{rel}","templated":true}]}}