{"id":27964,"date":"2026-03-20T18:07:54","date_gmt":"2026-03-20T17:07:54","guid":{"rendered":"https:\/\/antiquites-bastian.com\/?post_type=product&#038;p=27964"},"modified":"2026-03-20T18:07:54","modified_gmt":"2026-03-20T17:07:54","slug":"ecuelle-a-bouillon-de-mennecy","status":"publish","type":"product","link":"https:\/\/antiquites-bastian.com\/en\/ceramiques\/ecuelle-a-bouillon-de-mennecy\/","title":{"rendered":"\u00c9cuelle \u00e0 bouillon de Mennecy"},"content":{"rendered":"<p>Une \u00e9cuelle \u00e0 bouillon avec son couvercle et son pr\u00e9sentoir en porcelaine tendre, r\u00e9alis\u00e9e dans la manufacture du duc de Villeroy \u00e0 Mennecy vers 1770. Munie d&#8217;anses branch\u00e9es torsad\u00e9es, l&#8217;\u00e9cuelle pr\u00e9sente un d\u00e9cor de bouquets de fruits et de fleurs qui se retrouve sur le pr\u00e9sentoir et le couvercle. La prise du couvercle est \u00e9galement trait\u00e9e en trompe-l&#8217;\u0153il.<br \/>\nSign\u00e9 en creux sur le dessous de l&#8217;\u00e9cuelle et le revers du pr\u00e9sentoir \u00ab DV \u00bb.<br \/>\nCe d\u00e9cor se d\u00e9gage de la production habituelle de Mennecy car l&#8217;\u00e9cuelle \u00e0 bouillon ne fait pas partie d&#8217;un service de table et peut donc ainsi recevoir ce d\u00e9cor plus rare et atypique.<\/p>\n<p>\u00c9poque : vers 1770<\/p>\n<p>Dimensions :<br \/>\nDiam\u00e8tre du pr\u00e9sentoir : 19,9 cm<br \/>\nLargeur de l&#8217;\u00e9cuelle : 15,5 cm<br \/>\nHauteur : 11 cm<\/p>\n<p>\u00c9tat de conservation : bon<\/p>\n","protected":false},"excerpt":{"rendered":"<p>Une \u00e9cuelle \u00e0 bouillon en p\u00e2te tendre, duc de Villeroy \u00e0 Mennecy vers 1770.<\/p>\n","protected":false},"featured_media":27965,"template":"","meta":[],"product_brand":[],"product_cat":[42],"product_tag":[1295,184,2355,309,2537,1447,59,3429],"class_list":{"0":"post-27964","1":"product","2":"type-product","3":"status-publish","4":"has-post-thumbnail","6":"product_cat-ceramiques","7":"product_tag-anse-branchee","8":"product_tag-art-de-la-table","9":"product_tag-fruits","10":"product_tag-louis-xvi","11":"product_tag-mennecy","12":"product_tag-porcelaine-tendre","13":"product_tag-xviiie","14":"product_tag-xviiie-siece","16":"first","17":"instock","18":"shipping-taxable","19":"purchasable","20":"product-type-simple"},"_links":{"self":[{"href":"https:\/\/antiquites-bastian.com\/en\/wp-json\/wp\/v2\/product\/27964","targetHints":{"allow":["GET"]}}],"collection":[{"href":"https:\/\/antiquites-bastian.com\/en\/wp-json\/wp\/v2\/product"}],"about":[{"href":"https:\/\/antiquites-bastian.com\/en\/wp-json\/wp\/v2\/types\/product"}],"wp:featuredmedia":[{"embeddable":true,"href":"https:\/\/antiquites-bastian.com\/en\/wp-json\/wp\/v2\/media\/27965"}],"wp:attachment":[{"href":"https:\/\/antiquites-bastian.com\/en\/wp-json\/wp\/v2\/media?parent=27964"}],"wp:term":[{"taxonomy":"product_brand","embeddable":true,"href":"https:\/\/antiquites-bastian.com\/en\/wp-json\/wp\/v2\/product_brand?post=27964"},{"taxonomy":"product_cat","embeddable":true,"href":"https:\/\/antiquites-bastian.com\/en\/wp-json\/wp\/v2\/product_cat?post=27964"},{"taxonomy":"product_tag","embeddable":true,"href":"https:\/\/antiquites-bastian.com\/en\/wp-json\/wp\/v2\/product_tag?post=27964"}],"curies":[{"name":"wp","href":"https:\/\/api.w.org\/{rel}","templated":true}]}}