{"id":27391,"date":"2025-10-20T18:42:05","date_gmt":"2025-10-20T16:42:05","guid":{"rendered":"https:\/\/antiquites-bastian.com\/?post_type=product&#038;p=27391"},"modified":"2025-10-20T19:08:42","modified_gmt":"2025-10-20T17:08:42","slug":"paul-spindler-13","status":"publish","type":"product","link":"https:\/\/antiquites-bastian.com\/en\/archives-en\/paul-spindler-13\/","title":{"rendered":"Paul Spindler"},"content":{"rendered":"<p>A marquetry by Paul Spindler (1906-1980) presenting the view of the Notre-Dame Cathedral of Strasbourg above the roofs of the city. The inlay is signed &#8216;Spindler&#8217; in the lower right corner. The work is completed with a brass cartel, in the center of the lower part of the frame, with the engraved dedication &#8220;Les officiers et s\/officiers (sous-officiers) du 2\u00e8me Bon(Bataillon) du 172\u00e8me R.I.F (R\u00e9giment d\u2019Infanterie Fran\u00e7aise) au Commandant Treyssac &#8211; Strasbourg 28.10.37&#8221; (&#8220;The officers and officers (non-commissioned officers) of the 2nd Good (Battalion) of the 172nd R.I.F (French Infantry Regiment) to the Commander Treyssac &#8211; Strasbourg 10.28.37&#8221;).<\/p>\n<p>Date: 1937<\/p>\n<p>Dimensions:<\/p>\n<p>Dimensions to the frame:<br \/>\nHeight: 86.5 cm<br \/>\nWidth: 62.8 cm<\/p>\n<p>Dimensions at the view:<br \/>\nHeight: 62.8 cm<br \/>\nWidth: 49.8 cm<\/p>\n<p>Condition: Good<\/p>\n","protected":false},"excerpt":{"rendered":"<p>A Paul Spindler marquetry , view of the Cathedral of Strasbourg, 1937.<\/p>\n","protected":false},"featured_media":27399,"template":"","meta":[],"product_brand":[],"product_cat":[113],"product_tag":[162,3837,1844,364,805,203,164,408,241],"class_list":{"0":"post-27391","1":"product","2":"type-product","3":"status-publish","4":"has-post-thumbnail","6":"product_cat-archives-en","7":"product_tag-alsace-en","8":"product_tag-in-lay-wood","9":"product_tag-interwar-period","10":"product_tag-marquetry","11":"product_tag-paul-spindler-en","12":"product_tag-spindler-en","13":"product_tag-strasbourg-en","14":"product_tag-strasbourgs-cathedral","15":"product_tag-view","17":"first","18":"outofstock","19":"shipping-taxable","20":"product-type-simple"},"_links":{"self":[{"href":"https:\/\/antiquites-bastian.com\/en\/wp-json\/wp\/v2\/product\/27391","targetHints":{"allow":["GET"]}}],"collection":[{"href":"https:\/\/antiquites-bastian.com\/en\/wp-json\/wp\/v2\/product"}],"about":[{"href":"https:\/\/antiquites-bastian.com\/en\/wp-json\/wp\/v2\/types\/product"}],"wp:featuredmedia":[{"embeddable":true,"href":"https:\/\/antiquites-bastian.com\/en\/wp-json\/wp\/v2\/media\/27399"}],"wp:attachment":[{"href":"https:\/\/antiquites-bastian.com\/en\/wp-json\/wp\/v2\/media?parent=27391"}],"wp:term":[{"taxonomy":"product_brand","embeddable":true,"href":"https:\/\/antiquites-bastian.com\/en\/wp-json\/wp\/v2\/product_brand?post=27391"},{"taxonomy":"product_cat","embeddable":true,"href":"https:\/\/antiquites-bastian.com\/en\/wp-json\/wp\/v2\/product_cat?post=27391"},{"taxonomy":"product_tag","embeddable":true,"href":"https:\/\/antiquites-bastian.com\/en\/wp-json\/wp\/v2\/product_tag?post=27391"}],"curies":[{"name":"wp","href":"https:\/\/api.w.org\/{rel}","templated":true}]}}