{"id":27390,"date":"2025-10-21T15:02:45","date_gmt":"2025-10-21T13:02:45","guid":{"rendered":"https:\/\/antiquites-bastian.com\/?post_type=product&#038;p=27390"},"modified":"2025-10-21T15:03:59","modified_gmt":"2025-10-21T13:03:59","slug":"francois-jacques-oberthur","status":"publish","type":"product","link":"https:\/\/antiquites-bastian.com\/en\/prints\/francois-jacques-oberthur\/","title":{"rendered":"Fran\u00e7ois Jacques Oberth\u00fcr"},"content":{"rendered":"<p>An engraving by Fran\u00e7ois Jacques Oberth\u00fcr (1793-1863) presenting a slanted view of Strasbourg Cathedral from the South side. The marquetry is signed &#8220;F. Oberth\u00fcr fecit&#8221; in the lower left corner. The work is completed by an indication, in the center of its lower part, &#8220;CATH\u00c9DRALE DE STRASBOURG, <i>se vend chez J. J. Guttermann Relieur, Rue de l\u2019H\u00f4pital N<\/i><i>\u00b0<\/i><i>3 \u00e0 Strasbourg &#8211; 1819&#8243;\u00a0<\/i>(&#8220;STRASBOURG CATHEDRAL, sold at J. J. Guttermann Bookbinder, Hospital Street No. 3 in Strasbourg &#8211; 1819&#8221;).<br \/>\nThis engraving of the cathedral presents the crossing tower of the transept with its terrace rebuilt following the fire of July 27, 1759. Jacques-Fran\u00e7ois Blondel, in 1762, did not restore the Gothic &#8220;mitre&#8221; but covered the crossing with a simple truncated pyramid framework, completed in 1765. The crossing is presented topped with the Chappe telegraph.<\/p>\n<p>Date: 1819<\/p>\n<p>Dimensions:<\/p>\n<p>Dimensions with frame:<br \/>\nHeight: 86.5 cm<br \/>\nWidth: 62.8 cm<\/p>\n<p>Dimensions at sight:<br \/>\nHeight: 62.8 cm<br \/>\nWidth: 49.8 cm<\/p>\n<p>Condition: Good<\/p>\n","protected":false},"excerpt":{"rendered":"<p>An engraving by Fran\u00e7ois Jacques Oberth\u00fcr, view of Strasbourg Cathedral, 1819.<\/p>\n","protected":false},"featured_media":27383,"template":"","meta":[],"product_brand":[],"product_cat":[118],"product_tag":[756,4084,494,2340,949,164,408,241,86],"class_list":{"0":"post-27390","1":"product","2":"type-product","3":"status-publish","4":"has-post-thumbnail","6":"product_cat-prints","7":"product_tag-19th-century-en","8":"product_tag-engraving-en-2","9":"product_tag-engraving-en","10":"product_tag-gothic","11":"product_tag-restauration-en","12":"product_tag-strasbourg-en","13":"product_tag-strasbourgs-cathedral","14":"product_tag-view","15":"product_tag-xixe-en","17":"first","18":"instock","19":"featured","20":"shipping-taxable","21":"purchasable","22":"product-type-simple"},"_links":{"self":[{"href":"https:\/\/antiquites-bastian.com\/en\/wp-json\/wp\/v2\/product\/27390","targetHints":{"allow":["GET"]}}],"collection":[{"href":"https:\/\/antiquites-bastian.com\/en\/wp-json\/wp\/v2\/product"}],"about":[{"href":"https:\/\/antiquites-bastian.com\/en\/wp-json\/wp\/v2\/types\/product"}],"wp:featuredmedia":[{"embeddable":true,"href":"https:\/\/antiquites-bastian.com\/en\/wp-json\/wp\/v2\/media\/27383"}],"wp:attachment":[{"href":"https:\/\/antiquites-bastian.com\/en\/wp-json\/wp\/v2\/media?parent=27390"}],"wp:term":[{"taxonomy":"product_brand","embeddable":true,"href":"https:\/\/antiquites-bastian.com\/en\/wp-json\/wp\/v2\/product_brand?post=27390"},{"taxonomy":"product_cat","embeddable":true,"href":"https:\/\/antiquites-bastian.com\/en\/wp-json\/wp\/v2\/product_cat?post=27390"},{"taxonomy":"product_tag","embeddable":true,"href":"https:\/\/antiquites-bastian.com\/en\/wp-json\/wp\/v2\/product_tag?post=27390"}],"curies":[{"name":"wp","href":"https:\/\/api.w.org\/{rel}","templated":true}]}}