{"id":26355,"date":"2025-06-17T10:56:11","date_gmt":"2025-06-17T08:56:11","guid":{"rendered":"https:\/\/antiquites-bastian.com\/?post_type=product&#038;p=26355"},"modified":"2025-08-14T17:56:03","modified_gmt":"2025-08-14T15:56:03","slug":"sevres-le-petit-vendangeur","status":"publish","type":"product","link":"https:\/\/antiquites-bastian.com\/en\/archives-en\/sevres-le-petit-vendangeur\/","title":{"rendered":"S\u00e8vres &#8220;Le petit Vendangeur&#8221;"},"content":{"rendered":"<p>A soft paste porcelain biscuit\u00a0figurine, Le Petit Vendangeur, from the series &#8216;Enfants Falconet&#8217; modelled by Etienne-Maurice Falconet (1716 \u2013 1791) for the S\u00e8vres Porcelain Manufactory, S\u00e8vres, France, circa 1770-1780. Based on the engraved series &#8216;Enfants Boucher&#8217; after drawings by Fran\u00e7ois Boucher (1703 \u2013 1770). A standing boy with a basket filled with grapes. Base incised typefaces are not legible.<\/p>\n<p>Period : circa 1770-1780<\/p>\n<p>Condition : Repaired left foot, few lacks in the foliage and buttons.<\/p>\n<p>&nbsp;<\/p>\n","protected":false},"excerpt":{"rendered":"<p>A soft paste porcelain biscuit, Le Petit Vendangeur, S\u00e8vres, circa 1770-1780<\/p>\n","protected":false},"featured_media":26342,"template":"","meta":[],"product_brand":[],"product_cat":[113],"product_tag":[3949,750,3950,1754,322,268,874,1340,3378,3948,2968,88],"class_list":{"0":"post-26355","1":"product","2":"type-product","3":"status-publish","4":"has-post-thumbnail","6":"product_cat-archives-en","7":"product_tag-boucher-en","8":"product_tag-child","9":"product_tag-falconet-en","10":"product_tag-figurine-en","11":"product_tag-louis-the-16th","12":"product_tag-louis-xv-en","13":"product_tag-porcelain","14":"product_tag-porcelain-biscuit","15":"product_tag-sevres-en","16":"product_tag-sevres-porcelain-manufactory","17":"product_tag-the-end-of-the-18th-century","18":"product_tag-xviiie-en","20":"first","21":"outofstock","22":"shipping-taxable","23":"product-type-simple"},"_links":{"self":[{"href":"https:\/\/antiquites-bastian.com\/en\/wp-json\/wp\/v2\/product\/26355","targetHints":{"allow":["GET"]}}],"collection":[{"href":"https:\/\/antiquites-bastian.com\/en\/wp-json\/wp\/v2\/product"}],"about":[{"href":"https:\/\/antiquites-bastian.com\/en\/wp-json\/wp\/v2\/types\/product"}],"wp:featuredmedia":[{"embeddable":true,"href":"https:\/\/antiquites-bastian.com\/en\/wp-json\/wp\/v2\/media\/26342"}],"wp:attachment":[{"href":"https:\/\/antiquites-bastian.com\/en\/wp-json\/wp\/v2\/media?parent=26355"}],"wp:term":[{"taxonomy":"product_brand","embeddable":true,"href":"https:\/\/antiquites-bastian.com\/en\/wp-json\/wp\/v2\/product_brand?post=26355"},{"taxonomy":"product_cat","embeddable":true,"href":"https:\/\/antiquites-bastian.com\/en\/wp-json\/wp\/v2\/product_cat?post=26355"},{"taxonomy":"product_tag","embeddable":true,"href":"https:\/\/antiquites-bastian.com\/en\/wp-json\/wp\/v2\/product_tag?post=26355"}],"curies":[{"name":"wp","href":"https:\/\/api.w.org\/{rel}","templated":true}]}}