{"id":24261,"date":"2024-03-16T17:40:08","date_gmt":"2024-03-16T16:40:08","guid":{"rendered":"https:\/\/antiquites-bastian.com\/?post_type=product&#038;p=24261"},"modified":"2025-10-22T18:11:20","modified_gmt":"2025-10-22T16:11:20","slug":"louis-frederic-schutzenberger","status":"publish","type":"product","link":"https:\/\/antiquites-bastian.com\/en\/archives-en\/louis-frederic-schutzenberger\/","title":{"rendered":"Louis Fr\u00e9d\u00e9ric Sch\u00fctzenberger"},"content":{"rendered":"<p>An oil painting on cardboard, made in 1885, in Alsace, by Louis Fr\u00e9d\u00e9ric Sch\u00fctzenberger (1825-1903). The latter shows a landscape with a river and two hauling men. Signed : &#8220;L.Sch\u00fctzenberger 1885&#8221;.<\/p>\n<p>Period : 1885.<\/p>\n<p>Frame dimensions :<br \/>\nHeight : 46,7 cm<br \/>\nWidth : 64,3 cm<\/p>\n<p>View dimensions :<br \/>\nHeight : 33 cm<br \/>\nWidth : 51,2 cm<\/p>\n<p>Condition : good.<\/p>\n","protected":false},"excerpt":{"rendered":"<p>An oil painting on cardboard, 1885, by Louis Fr\u00e9d\u00e9ric Sch\u00fctzenberger (1825-1903)<\/p>\n","protected":false},"featured_media":24248,"template":"","meta":[],"product_brand":[],"product_cat":[113],"product_tag":[165,756,162,208,2336,3775,149,738,933,3774],"class_list":{"0":"post-24261","1":"product","2":"type-product","3":"status-publish","4":"has-post-thumbnail","6":"product_cat-archives-en","7":"product_tag-1900-en","8":"product_tag-19th-century-en","9":"product_tag-alsace-en","10":"product_tag-alsatian","11":"product_tag-end-of-the-19th-century","12":"product_tag-oil-on-cardboard","13":"product_tag-oil-painting","14":"product_tag-picture","15":"product_tag-river","16":"product_tag-schutzenberger-en","18":"first","19":"outofstock","20":"shipping-taxable","21":"product-type-simple"},"_links":{"self":[{"href":"https:\/\/antiquites-bastian.com\/en\/wp-json\/wp\/v2\/product\/24261","targetHints":{"allow":["GET"]}}],"collection":[{"href":"https:\/\/antiquites-bastian.com\/en\/wp-json\/wp\/v2\/product"}],"about":[{"href":"https:\/\/antiquites-bastian.com\/en\/wp-json\/wp\/v2\/types\/product"}],"wp:featuredmedia":[{"embeddable":true,"href":"https:\/\/antiquites-bastian.com\/en\/wp-json\/wp\/v2\/media\/24248"}],"wp:attachment":[{"href":"https:\/\/antiquites-bastian.com\/en\/wp-json\/wp\/v2\/media?parent=24261"}],"wp:term":[{"taxonomy":"product_brand","embeddable":true,"href":"https:\/\/antiquites-bastian.com\/en\/wp-json\/wp\/v2\/product_brand?post=24261"},{"taxonomy":"product_cat","embeddable":true,"href":"https:\/\/antiquites-bastian.com\/en\/wp-json\/wp\/v2\/product_cat?post=24261"},{"taxonomy":"product_tag","embeddable":true,"href":"https:\/\/antiquites-bastian.com\/en\/wp-json\/wp\/v2\/product_tag?post=24261"}],"curies":[{"name":"wp","href":"https:\/\/api.w.org\/{rel}","templated":true}]}}