{"id":23249,"date":"2023-11-27T16:29:43","date_gmt":"2023-11-27T15:29:43","guid":{"rendered":"https:\/\/antiquites-bastian.com\/?post_type=product&#038;p=23249"},"modified":"2025-10-30T15:08:06","modified_gmt":"2025-10-30T14:08:06","slug":"ink-drawing","status":"publish","type":"product","link":"https:\/\/antiquites-bastian.com\/en\/paintings\/ink-drawing\/","title":{"rendered":"Prayer to God, Voltaire"},"content":{"rendered":"<p>A pen drawing on paper made in 1834, and presenting the prayer to God by Voltaire (1694-1774), from the treatise on Tolerance.<br \/>\nAt the bottom of the work figure the following inscriptions : &#8221; D\u00e9di\u00e9 \u00e0 Mons T. Simonis &#8230; 1834&#8243;. In the right corner figure : &#8220;par Alidale&#8221;<\/p>\n<p>Period : 1834<\/p>\n<p>Frames dimensions :<br \/>\nHeight : 45 cm<br \/>\nWidth : 38 cm<\/p>\n<p>View dimensions :<br \/>\nHeight : 24,5 cm<br \/>\nWidth : 19 cm<\/p>\n<p>Condition : good.<\/p>\n","protected":false},"excerpt":{"rendered":"<p>A pen drawing on paper made in 1834 by Alidale, the prayer to God by Voltaire<\/p>\n","protected":false},"featured_media":23281,"template":"","meta":[],"product_brand":[],"product_cat":[103],"product_tag":[756,205,1775,1168,3636],"class_list":{"0":"post-23249","1":"product","2":"type-product","3":"status-publish","4":"has-post-thumbnail","6":"product_cat-paintings","7":"product_tag-19th-century-en","8":"product_tag-drawing","9":"product_tag-encre-en","10":"product_tag-paper","11":"product_tag-voltaire-en","13":"first","14":"instock","15":"shipping-taxable","16":"purchasable","17":"product-type-simple"},"_links":{"self":[{"href":"https:\/\/antiquites-bastian.com\/en\/wp-json\/wp\/v2\/product\/23249","targetHints":{"allow":["GET"]}}],"collection":[{"href":"https:\/\/antiquites-bastian.com\/en\/wp-json\/wp\/v2\/product"}],"about":[{"href":"https:\/\/antiquites-bastian.com\/en\/wp-json\/wp\/v2\/types\/product"}],"wp:featuredmedia":[{"embeddable":true,"href":"https:\/\/antiquites-bastian.com\/en\/wp-json\/wp\/v2\/media\/23281"}],"wp:attachment":[{"href":"https:\/\/antiquites-bastian.com\/en\/wp-json\/wp\/v2\/media?parent=23249"}],"wp:term":[{"taxonomy":"product_brand","embeddable":true,"href":"https:\/\/antiquites-bastian.com\/en\/wp-json\/wp\/v2\/product_brand?post=23249"},{"taxonomy":"product_cat","embeddable":true,"href":"https:\/\/antiquites-bastian.com\/en\/wp-json\/wp\/v2\/product_cat?post=23249"},{"taxonomy":"product_tag","embeddable":true,"href":"https:\/\/antiquites-bastian.com\/en\/wp-json\/wp\/v2\/product_tag?post=23249"}],"curies":[{"name":"wp","href":"https:\/\/api.w.org\/{rel}","templated":true}]}}