{"id":21918,"date":"2023-07-10T15:17:58","date_gmt":"2023-07-10T13:17:58","guid":{"rendered":"https:\/\/antiquites-bastian.com\/?post_type=product&#038;p=21918"},"modified":"2025-03-18T10:25:32","modified_gmt":"2025-03-18T09:25:32","slug":"statuette-en-bronze-3","status":"publish","type":"product","link":"https:\/\/antiquites-bastian.com\/en\/vendu\/statuette-en-bronze-3\/","title":{"rendered":"Statuette en bronze"},"content":{"rendered":"<p>Une statuette en bronze r\u00e9alis\u00e9e au cours de la premi\u00e8re moiti\u00e9 du XIXe si\u00e8cle.<br \/>\nCette derni\u00e8re pr\u00e9sente un singe debout tenant par une cha\u00eene un perroquet pos\u00e9 sur ses \u00e9paules.<\/p>\n<p>Epoque : premi\u00e8re moiti\u00e9 du XIXe si\u00e8cle<\/p>\n<p>Etat de conservation : bon.<\/p>\n","protected":false},"excerpt":{"rendered":"<p>Une statuette en bronze r\u00e9alis\u00e9e au cours de la premi\u00e8re moiti\u00e9 du XIXe si\u00e8cle et pr\u00e9sentant un singe tenant un perroquet.<\/p>\n","protected":false},"featured_media":21932,"template":"","meta":[],"product_brand":[],"product_cat":[112],"product_tag":[635,706,3116,254,647],"class_list":{"0":"post-21918","1":"product","2":"type-product","3":"status-publish","4":"has-post-thumbnail","6":"product_cat-vendu","7":"product_tag-bronze","8":"product_tag-perroquet","9":"product_tag-singe","10":"product_tag-statue","11":"product_tag-xixe-siecle","13":"first","14":"outofstock","15":"shipping-taxable","16":"product-type-simple"},"_links":{"self":[{"href":"https:\/\/antiquites-bastian.com\/en\/wp-json\/wp\/v2\/product\/21918","targetHints":{"allow":["GET"]}}],"collection":[{"href":"https:\/\/antiquites-bastian.com\/en\/wp-json\/wp\/v2\/product"}],"about":[{"href":"https:\/\/antiquites-bastian.com\/en\/wp-json\/wp\/v2\/types\/product"}],"wp:featuredmedia":[{"embeddable":true,"href":"https:\/\/antiquites-bastian.com\/en\/wp-json\/wp\/v2\/media\/21932"}],"wp:attachment":[{"href":"https:\/\/antiquites-bastian.com\/en\/wp-json\/wp\/v2\/media?parent=21918"}],"wp:term":[{"taxonomy":"product_brand","embeddable":true,"href":"https:\/\/antiquites-bastian.com\/en\/wp-json\/wp\/v2\/product_brand?post=21918"},{"taxonomy":"product_cat","embeddable":true,"href":"https:\/\/antiquites-bastian.com\/en\/wp-json\/wp\/v2\/product_cat?post=21918"},{"taxonomy":"product_tag","embeddable":true,"href":"https:\/\/antiquites-bastian.com\/en\/wp-json\/wp\/v2\/product_tag?post=21918"}],"curies":[{"name":"wp","href":"https:\/\/api.w.org\/{rel}","templated":true}]}}