{"id":21516,"date":"2023-06-24T17:47:10","date_gmt":"2023-06-24T15:47:10","guid":{"rendered":"https:\/\/antiquites-bastian.com\/?post_type=product&#038;p=21516"},"modified":"2023-11-29T10:48:06","modified_gmt":"2023-11-29T09:48:06","slug":"poele-hugelin-2","status":"publish","type":"product","link":"https:\/\/antiquites-bastian.com\/en\/ceramiques\/poele-hugelin-2\/","title":{"rendered":"Po\u00eale Hugelin"},"content":{"rendered":"<p>Un po\u00eale en fa\u00efence de fond cr\u00e8me avec motifs dor\u00e9s et noirs, r\u00e9alis\u00e9 vers 1850-1870 dans les ateliers de Joseph Hugelin \u00e0 Strasbourg.<br \/>\nCe po\u00eale ovale se pr\u00e9sente sous la forme d\u2019une colonne avec une base orn\u00e9e de bandes de couleurs. Il se compose de quatre tambours avec un fourneau et un chauffe-plat. Le premier niveau pr\u00e9sente une frise de palmettes, puis les suivants sont arrang\u00e9s avec des carreaux centr\u00e9s d&#8217;une fleurette dans des motifs d&#8217;entrelacs. Chaque jonction de niveau est ceinte d\u2019un cerclage en laiton. La porte du po\u00eale en laiton est dot\u00e9e d\u2019une poign\u00e9e en verre.<br \/>\nLe montage est r\u00e9alis\u00e9 selon la technique traditionnelle \u00e0 la chamotte. Ce po\u00eale peut \u00e0 nouveau \u00eatre chauff\u00e9 au feu de bois.<\/p>\n<p>Epoque : 1850-1870<\/p>\n<p>Dimensions :<br \/>\nHauteur : 144 cm<br \/>\nLargeur : 39,5 cm<br \/>\nProfondeur : 31 cm<\/p>\n<p>Etat de conservation : bon, quelques carreaux fendus.<\/p>\n","protected":false},"excerpt":{"rendered":"<p>Un po\u00eale en fa\u00efence ovale r\u00e9alis\u00e9 vers 1850-1870 dans les ateliers de Joseph Hugelin \u00e0 Strasbourg.<\/p>\n","protected":false},"featured_media":21537,"template":"","meta":[],"product_brand":[],"product_cat":[42,52],"product_tag":[158,167,2006,144,3453,3312,2002,2371,761,3454,160,647],"class_list":{"0":"post-21516","1":"product","2":"type-product","3":"status-publish","4":"has-post-thumbnail","6":"product_cat-ceramiques","7":"product_cat-mobilier","8":"product_tag-alsace","9":"product_tag-ceramique","10":"product_tag-chauffage","11":"product_tag-faience","12":"product_tag-hugelin","13":"product_tag-interieur","14":"product_tag-kachelofe","15":"product_tag-mobilier","16":"product_tag-napoleon-iii","17":"product_tag-poele","18":"product_tag-strasbourg","19":"product_tag-xixe-siecle","21":"first","22":"instock","23":"shipping-taxable","24":"purchasable","25":"product-type-simple"},"_links":{"self":[{"href":"https:\/\/antiquites-bastian.com\/en\/wp-json\/wp\/v2\/product\/21516","targetHints":{"allow":["GET"]}}],"collection":[{"href":"https:\/\/antiquites-bastian.com\/en\/wp-json\/wp\/v2\/product"}],"about":[{"href":"https:\/\/antiquites-bastian.com\/en\/wp-json\/wp\/v2\/types\/product"}],"wp:featuredmedia":[{"embeddable":true,"href":"https:\/\/antiquites-bastian.com\/en\/wp-json\/wp\/v2\/media\/21537"}],"wp:attachment":[{"href":"https:\/\/antiquites-bastian.com\/en\/wp-json\/wp\/v2\/media?parent=21516"}],"wp:term":[{"taxonomy":"product_brand","embeddable":true,"href":"https:\/\/antiquites-bastian.com\/en\/wp-json\/wp\/v2\/product_brand?post=21516"},{"taxonomy":"product_cat","embeddable":true,"href":"https:\/\/antiquites-bastian.com\/en\/wp-json\/wp\/v2\/product_cat?post=21516"},{"taxonomy":"product_tag","embeddable":true,"href":"https:\/\/antiquites-bastian.com\/en\/wp-json\/wp\/v2\/product_tag?post=21516"}],"curies":[{"name":"wp","href":"https:\/\/api.w.org\/{rel}","templated":true}]}}