{"id":21386,"date":"2023-06-16T17:09:00","date_gmt":"2023-06-16T15:09:00","guid":{"rendered":"https:\/\/antiquites-bastian.com\/?post_type=product&#038;p=21386"},"modified":"2025-03-18T10:25:33","modified_gmt":"2025-03-18T09:25:33","slug":"paire-dappliques","status":"publish","type":"product","link":"https:\/\/antiquites-bastian.com\/en\/vendu\/paire-dappliques\/","title":{"rendered":"Paire d&#8217;appliques"},"content":{"rendered":"<p>Une paire d&#8217;appliques en bronze dor\u00e9 \u00e0 trois bras de lumi\u00e8re de style Louis XVI, r\u00e9alis\u00e9e vers le milieu du XIXe si\u00e8cle.<br \/>\nCes derni\u00e8res, de style Louis XVI, pr\u00e9sente une ornementation compos\u00e9e de motifs floraux \u00e0 base de feuilles d&#8217;acanthes et de lauriers accompagn\u00e9s de masques de faunes et de femmes.<\/p>\n<p>Epoque : vers 1850<\/p>\n<p>Dimensions :<br \/>\nHauteur : 60 cm<br \/>\nLargeur : 49 cm<br \/>\nProfondeur : 33 cm<\/p>\n<p>Etat de conservation : bon.<\/p>\n","protected":false},"excerpt":{"rendered":"<p>Une paire d&#8217;appliques en bronze dor\u00e9 r\u00e9alis\u00e9e vers 1850.<\/p>\n","protected":false},"featured_media":21489,"template":"","meta":[],"product_brand":[],"product_cat":[112],"product_tag":[3458,3457,635,310,2371,761,647],"class_list":{"0":"post-21386","1":"product","2":"type-product","3":"status-publish","4":"has-post-thumbnail","6":"product_cat-vendu","7":"product_tag-ameublement","8":"product_tag-appliques","9":"product_tag-bronze","10":"product_tag-france","11":"product_tag-mobilier","12":"product_tag-napoleon-iii","13":"product_tag-xixe-siecle","15":"first","16":"outofstock","17":"shipping-taxable","18":"product-type-simple"},"_links":{"self":[{"href":"https:\/\/antiquites-bastian.com\/en\/wp-json\/wp\/v2\/product\/21386","targetHints":{"allow":["GET"]}}],"collection":[{"href":"https:\/\/antiquites-bastian.com\/en\/wp-json\/wp\/v2\/product"}],"about":[{"href":"https:\/\/antiquites-bastian.com\/en\/wp-json\/wp\/v2\/types\/product"}],"wp:featuredmedia":[{"embeddable":true,"href":"https:\/\/antiquites-bastian.com\/en\/wp-json\/wp\/v2\/media\/21489"}],"wp:attachment":[{"href":"https:\/\/antiquites-bastian.com\/en\/wp-json\/wp\/v2\/media?parent=21386"}],"wp:term":[{"taxonomy":"product_brand","embeddable":true,"href":"https:\/\/antiquites-bastian.com\/en\/wp-json\/wp\/v2\/product_brand?post=21386"},{"taxonomy":"product_cat","embeddable":true,"href":"https:\/\/antiquites-bastian.com\/en\/wp-json\/wp\/v2\/product_cat?post=21386"},{"taxonomy":"product_tag","embeddable":true,"href":"https:\/\/antiquites-bastian.com\/en\/wp-json\/wp\/v2\/product_tag?post=21386"}],"curies":[{"name":"wp","href":"https:\/\/api.w.org\/{rel}","templated":true}]}}