{"id":17288,"date":"2022-04-06T18:47:02","date_gmt":"2022-04-06T16:47:02","guid":{"rendered":"https:\/\/antiquites-bastian.com\/?post_type=product&#038;p=17288"},"modified":"2025-03-18T11:02:11","modified_gmt":"2025-03-18T10:02:11","slug":"pipe-de-reserviste-colmar","status":"publish","type":"product","link":"https:\/\/antiquites-bastian.com\/en\/vendu\/pipe-de-reserviste-colmar\/","title":{"rendered":"Pipe de r\u00e9serviste, Colmar"},"content":{"rendered":"<p>Une pipe de r\u00e9serviste alsacienne r\u00e9alis\u00e9e en bois et corne. Le fourneau de pipe en porcelaine est surmont\u00e9 d&#8217;un casque \u00e0 pointe. Il narre une histoire familiale imag\u00e9e accompagn\u00e9e d&#8217;une l\u00e9gende \u00e9crite en allemand. Elle annonce : \u00ab\u00a0La meilleure arme du monde est une charrue dans un champ. Le r\u00e9giment de Colmar, 1885. Souvenir de mon fils Franz Xaver, 4e compagnie, 4e infanterie, r\u00e9giment n\u00b0112 \u00e0 Colmar \u00bb. Le manche est compos\u00e9 de diverses parties ouvrag\u00e9es de diff\u00e9rentes mati\u00e8res, dont un cheval en r\u00e9sine.<\/p>\n<p>P\u00e9riode : dat\u00e9 1885<\/p>\n<p>Dimensions :<br \/>\nHauteur : 179 cm<\/p>\n<p>Etat de conservation : 1 f\u00eale au fourreau, manque une patte au cheval<\/p>\n<p>&nbsp;<\/p>\n","protected":false},"excerpt":{"rendered":"<p>Une pipe de r\u00e9serviste, Colmar, 1885.<\/p>\n","protected":false},"featured_media":17768,"template":"","meta":[],"product_brand":[],"product_cat":[112],"product_tag":[2367,2366,3022,178,874,3021,2129,1608],"class_list":{"0":"post-17288","1":"product","2":"type-product","3":"status-publish","4":"has-post-thumbnail","6":"product_cat-vendu","7":"product_tag-beginning-of-the-20th-century-en","8":"product_tag-end-of-the-20th-century","9":"product_tag-family","10":"product_tag-germany","11":"product_tag-porcelain","12":"product_tag-reservists-pipe","13":"product_tag-war","14":"product_tag-wood-en","16":"first","17":"outofstock","18":"shipping-taxable","19":"product-type-simple"},"_links":{"self":[{"href":"https:\/\/antiquites-bastian.com\/en\/wp-json\/wp\/v2\/product\/17288","targetHints":{"allow":["GET"]}}],"collection":[{"href":"https:\/\/antiquites-bastian.com\/en\/wp-json\/wp\/v2\/product"}],"about":[{"href":"https:\/\/antiquites-bastian.com\/en\/wp-json\/wp\/v2\/types\/product"}],"wp:featuredmedia":[{"embeddable":true,"href":"https:\/\/antiquites-bastian.com\/en\/wp-json\/wp\/v2\/media\/17768"}],"wp:attachment":[{"href":"https:\/\/antiquites-bastian.com\/en\/wp-json\/wp\/v2\/media?parent=17288"}],"wp:term":[{"taxonomy":"product_brand","embeddable":true,"href":"https:\/\/antiquites-bastian.com\/en\/wp-json\/wp\/v2\/product_brand?post=17288"},{"taxonomy":"product_cat","embeddable":true,"href":"https:\/\/antiquites-bastian.com\/en\/wp-json\/wp\/v2\/product_cat?post=17288"},{"taxonomy":"product_tag","embeddable":true,"href":"https:\/\/antiquites-bastian.com\/en\/wp-json\/wp\/v2\/product_tag?post=17288"}],"curies":[{"name":"wp","href":"https:\/\/api.w.org\/{rel}","templated":true}]}}