{"id":16833,"date":"2021-12-16T18:10:27","date_gmt":"2021-12-16T17:10:27","guid":{"rendered":"https:\/\/antiquites-bastian.com\/catalogue\/uncategorized\/lioness-on-the-prowl-alfred-marzolff-elchinger\/"},"modified":"2022-06-14T15:28:49","modified_gmt":"2022-06-14T13:28:49","slug":"lioness-on-the-prowl-alfred-marzolff-elchinger","status":"publish","type":"product","link":"https:\/\/antiquites-bastian.com\/en\/vendu\/lioness-on-the-prowl-alfred-marzolff-elchinger\/","title":{"rendered":"Lioness on the prowl, Alfred Marzolff, Elchinger"},"content":{"rendered":"<p>A ceramic by Alfred Marzolff (1867-1936), representing a lioness silently approaching its prey, ready to pounce, made in the workshops of Soufflenheim (Alsace, Bas-Rhin), during the 20th century.<\/p>\n<p>Alfred Marzolff is an Alsatian sculptor and medallist, nicknamed the &#8220;Alsatian Rodin&#8221;, whose works, some of which were destroyed in 1940 by the occupying forces, then restored, still adorn Strasbourg and its surroundings&#8230; He was also part of the group of artists who founded the Cercle de Saint-L\u00e9onard and the <em>Kunschthaafe<\/em> and contributed to the <em>Revue Alsacienne Illustr\u00e9e<\/em>.<\/p>\n<p>He exhibited at the first Salon des Artistes Strasbourgeois (from 1891, the Soci\u00e9t\u00e9 des Amis des Arts) and obtained a first state prize at the Salon des Artistes Fran\u00e7ais in Paris in 1893 for his bronze sculpture, the <em>Bogenspanner<\/em>.\u00a0In 1931, he was awarded the &#8220;Palmes Acad\u00e9miques&#8221;.<\/p>\n<p>Dimension:<br \/>\nHeight: 20 cm<br \/>\nLength : 73 cm<br \/>\nWidth: 19 cm<\/p>\n<p>Condition : good, a few baking defects<\/p>\n","protected":false},"excerpt":{"rendered":"<p>A ceramic by Alfred Marzolff (1867-1936), representing a lioness, Soufflenheim, L\u00e9on Elchinger (?) workshop, 20th century.<\/p>\n","protected":false},"featured_media":16657,"template":"","meta":[],"product_brand":[],"product_cat":[112],"product_tag":[165,2908,162,175,2909,236,90],"class_list":{"0":"post-16833","1":"product","2":"type-product","3":"status-publish","4":"has-post-thumbnail","6":"product_cat-vendu","7":"product_tag-1900-en","8":"product_tag-alfred-marzolff-en","9":"product_tag-alsace-en","10":"product_tag-ceramic","11":"product_tag-lioness","12":"product_tag-soufflenheim-en","13":"product_tag-xxe-en","15":"first","16":"outofstock","17":"shipping-taxable","18":"product-type-simple"},"_links":{"self":[{"href":"https:\/\/antiquites-bastian.com\/en\/wp-json\/wp\/v2\/product\/16833","targetHints":{"allow":["GET"]}}],"collection":[{"href":"https:\/\/antiquites-bastian.com\/en\/wp-json\/wp\/v2\/product"}],"about":[{"href":"https:\/\/antiquites-bastian.com\/en\/wp-json\/wp\/v2\/types\/product"}],"wp:featuredmedia":[{"embeddable":true,"href":"https:\/\/antiquites-bastian.com\/en\/wp-json\/wp\/v2\/media\/16657"}],"wp:attachment":[{"href":"https:\/\/antiquites-bastian.com\/en\/wp-json\/wp\/v2\/media?parent=16833"}],"wp:term":[{"taxonomy":"product_brand","embeddable":true,"href":"https:\/\/antiquites-bastian.com\/en\/wp-json\/wp\/v2\/product_brand?post=16833"},{"taxonomy":"product_cat","embeddable":true,"href":"https:\/\/antiquites-bastian.com\/en\/wp-json\/wp\/v2\/product_cat?post=16833"},{"taxonomy":"product_tag","embeddable":true,"href":"https:\/\/antiquites-bastian.com\/en\/wp-json\/wp\/v2\/product_tag?post=16833"}],"curies":[{"name":"wp","href":"https:\/\/api.w.org\/{rel}","templated":true}]}}