{"id":16340,"date":"2021-11-25T18:46:57","date_gmt":"2021-11-25T17:46:57","guid":{"rendered":"https:\/\/antiquites-bastian.com\/?post_type=product&#038;p=16340"},"modified":"2021-11-25T18:51:05","modified_gmt":"2021-11-25T17:51:05","slug":"knocker-and-plate","status":"publish","type":"product","link":"https:\/\/antiquites-bastian.com\/en\/vendu\/knocker-and-plate\/","title":{"rendered":"Knocker and plate"},"content":{"rendered":"<p>A knocker with its wrought iron plate. The hammer takes the form of a loop with bulging ends around a percussion weight. The yoke is openworked with a three-lobed palmette, while above it the pediment takes the form of a small plate. The rotation elements have a robust design as found on many pieces of the same period. The wrought iron plate, rolled and cut to size, rises and spreads out in a perfectly symmetrical order.\u00a0Placed on the front door of the property to &#8220;knock it down like a battering ram&#8221;, the knocker evokes a refinement and luxury that the owner claims. The turntable or the small circular plate above the knocker could also have been engraved with the host&#8217;s coat of arms, as can be seen on a knocker bearing the coat of arms of the Orl\u00e9ans family in the collection of the Mus\u00e9e Le Secq des Tournelles. The model of the large turntable was quite successful in comparison with several turntables preserved in Toulouse, Paris or Strasbourg (cf. Haug, La ferronnerie strasbourgeoise au dix-septi\u00e8me et au dix-huiti\u00e8me si\u00e8cle, published in 1933 by A et F KAHN, Paris et Strasbourg, Pl. XVIII).<\/p>\n<p>Period: around 1700<\/p>\n<p>Dimensions :<br \/>\nHeight : 45 cm<br \/>\nWidth : 28 cm<br \/>\nDepth : 7 cm<\/p>\n<p>Condition : good<\/p>\n","protected":false},"excerpt":{"rendered":"<p>A wrought iron knocker and plate, circa 1700.<\/p>\n","protected":false},"featured_media":16258,"template":"","meta":[],"product_brand":[],"product_cat":[112],"product_tag":[2334,313,2323,1040,323,719,2128,2228,88],"class_list":{"0":"post-16340","1":"product","2":"type-product","3":"status-publish","4":"has-post-thumbnail","6":"product_cat-vendu","7":"product_tag-18th-century-en-2","8":"product_tag-18th-century","9":"product_tag-door-knocker","10":"product_tag-forged-iron","11":"product_tag-france-en","12":"product_tag-ironwork","13":"product_tag-lock-en","14":"product_tag-openwork","15":"product_tag-xviiie-en","17":"first","18":"outofstock","19":"shipping-taxable","20":"product-type-simple"},"_links":{"self":[{"href":"https:\/\/antiquites-bastian.com\/en\/wp-json\/wp\/v2\/product\/16340","targetHints":{"allow":["GET"]}}],"collection":[{"href":"https:\/\/antiquites-bastian.com\/en\/wp-json\/wp\/v2\/product"}],"about":[{"href":"https:\/\/antiquites-bastian.com\/en\/wp-json\/wp\/v2\/types\/product"}],"wp:featuredmedia":[{"embeddable":true,"href":"https:\/\/antiquites-bastian.com\/en\/wp-json\/wp\/v2\/media\/16258"}],"wp:attachment":[{"href":"https:\/\/antiquites-bastian.com\/en\/wp-json\/wp\/v2\/media?parent=16340"}],"wp:term":[{"taxonomy":"product_brand","embeddable":true,"href":"https:\/\/antiquites-bastian.com\/en\/wp-json\/wp\/v2\/product_brand?post=16340"},{"taxonomy":"product_cat","embeddable":true,"href":"https:\/\/antiquites-bastian.com\/en\/wp-json\/wp\/v2\/product_cat?post=16340"},{"taxonomy":"product_tag","embeddable":true,"href":"https:\/\/antiquites-bastian.com\/en\/wp-json\/wp\/v2\/product_tag?post=16340"}],"curies":[{"name":"wp","href":"https:\/\/api.w.org\/{rel}","templated":true}]}}