{"id":16061,"date":"2021-11-05T19:53:03","date_gmt":"2021-11-05T18:53:03","guid":{"rendered":"https:\/\/antiquites-bastian.com\/?post_type=product&#038;p=16061"},"modified":"2021-11-05T19:55:51","modified_gmt":"2021-11-05T18:55:51","slug":"pair-of-landscapes","status":"publish","type":"product","link":"https:\/\/antiquites-bastian.com\/en\/vendu\/pair-of-landscapes\/","title":{"rendered":"Pair of landscapes"},"content":{"rendered":"<p>A pair of oil on canvas paintings featuring two landscapes by Christoph von Bemmel (1707-1782). One of the paintings shows a river fall, with a large rock in the centre separating the watercourse. This configuration is similar to the Rhine Falls in Schaffhausen. On the left bank of the river, a fortified tower is placed in the same place as the castle of Laufen, which is still preserved to this day.<\/p>\n<p>The second painting shows a river mouth where two fishing boats are trying to maneuver in rough water. Waves break at the bottom of the rocks, above which a fortified tower rises in the centre of the painting.<\/p>\n<p>Each canvas is signed &#8220;CVB&#8221; for Christoph von Bemmel.<\/p>\n<p>Christoph von Bemmel came from a family of many artists. He was born in 1707 in Nuremberg, lived in Mannheim, then moved to Strasbourg in 1760, and became a master in 1768 by presenting a landscape. Bemmel was very active, and his landscapes and overmantel paintings are still preserved today, with a predilection for fire scenes. Several of his paintings can be found in Alsatian museums (Beaux-Arts de Strasbourg, Mus\u00e9e d&#8217;Unterlinden, Mus\u00e9e de Saverne), as well as in German museums (Mus\u00e9e de Stuttgart, Ch\u00e2teau de Bayreuth). The figures are always painted from behind, a recurrent characteristic of Bemmel.<\/p>\n<p>Period: around 1760-1770<\/p>\n<p>Frame dimensions :<br \/>\nHeight : 62,5 cm<br \/>\nWidth : 81,5 cm<\/p>\n<p>View dimensions :<br \/>\nHeight : 57 cm<br \/>\nWidth : 76 cm<\/p>\n<p>Condition : small lacks in the pictorial layer<\/p>\n","protected":false},"excerpt":{"rendered":"<p>A pair of oil paintings on canvas presenting two landscapes, Christoph von Bemmel (1707-1782).<\/p>\n","protected":false},"featured_media":16024,"template":"","meta":[],"product_brand":[],"product_cat":[112],"product_tag":[313,2334,616,149,738,88],"class_list":{"0":"post-16061","1":"product","2":"type-product","3":"status-publish","4":"has-post-thumbnail","6":"product_cat-vendu","7":"product_tag-18th-century","8":"product_tag-18th-century-en-2","9":"product_tag-landscape","10":"product_tag-oil-painting","11":"product_tag-picture","12":"product_tag-xviiie-en","14":"first","15":"outofstock","16":"shipping-taxable","17":"product-type-simple"},"_links":{"self":[{"href":"https:\/\/antiquites-bastian.com\/en\/wp-json\/wp\/v2\/product\/16061","targetHints":{"allow":["GET"]}}],"collection":[{"href":"https:\/\/antiquites-bastian.com\/en\/wp-json\/wp\/v2\/product"}],"about":[{"href":"https:\/\/antiquites-bastian.com\/en\/wp-json\/wp\/v2\/types\/product"}],"wp:featuredmedia":[{"embeddable":true,"href":"https:\/\/antiquites-bastian.com\/en\/wp-json\/wp\/v2\/media\/16024"}],"wp:attachment":[{"href":"https:\/\/antiquites-bastian.com\/en\/wp-json\/wp\/v2\/media?parent=16061"}],"wp:term":[{"taxonomy":"product_brand","embeddable":true,"href":"https:\/\/antiquites-bastian.com\/en\/wp-json\/wp\/v2\/product_brand?post=16061"},{"taxonomy":"product_cat","embeddable":true,"href":"https:\/\/antiquites-bastian.com\/en\/wp-json\/wp\/v2\/product_cat?post=16061"},{"taxonomy":"product_tag","embeddable":true,"href":"https:\/\/antiquites-bastian.com\/en\/wp-json\/wp\/v2\/product_tag?post=16061"}],"curies":[{"name":"wp","href":"https:\/\/api.w.org\/{rel}","templated":true}]}}