{"id":15692,"date":"2021-11-04T18:41:12","date_gmt":"2021-11-04T17:41:12","guid":{"rendered":"https:\/\/antiquites-bastian.com\/?post_type=product&#038;p=15692"},"modified":"2021-11-04T18:43:42","modified_gmt":"2021-11-04T17:43:42","slug":"view-of-strasbourg-cathedral","status":"publish","type":"product","link":"https:\/\/antiquites-bastian.com\/en\/vendu\/view-of-strasbourg-cathedral\/","title":{"rendered":"View of Strasbourg Cathedral"},"content":{"rendered":"<p>A watercolour on paper, depicting a view of Strasbourg Cathedral by Andr\u00e9 Schmitt (1888-1961). This view is taken from the Quai Saint-Nicolas, and shows the Ancienne Douane, the current Mus\u00e9e Historique, and the Caf\u00e9 Montmartre. At the bottom left of the watercolour is the signature &#8220;Schmitt Andr\u00e9&#8221;, followed by the date of execution &#8220;1934&#8221;.<\/p>\n<p>Period : 1934<\/p>\n<p>Dimensions in the frame:<br \/>\nHeight : 60,1 cm<br \/>\nWidth : 44,1 cm<\/p>\n<p>Dimensions at the sight :<br \/>\nHeight : 53,7 cm<br \/>\nWidth : 37,7 cm<\/p>\n<p>Condition : good<\/p>\n","protected":false},"excerpt":{"rendered":"<p>A view of the Strasbourg Cathedral by Andr\u00e9 Schmitt (1888-1961), 1934.<\/p>\n","protected":false},"featured_media":15687,"template":"","meta":[],"product_brand":[],"product_cat":[112],"product_tag":[162,208,2161,616,2839,1168,164,766,90],"class_list":{"0":"post-15692","1":"product","2":"type-product","3":"status-publish","4":"has-post-thumbnail","6":"product_cat-vendu","7":"product_tag-alsace-en","8":"product_tag-alsatian","9":"product_tag-cathedral-en","10":"product_tag-landscape","11":"product_tag-paintings","12":"product_tag-paper","13":"product_tag-strasbourg-en","14":"product_tag-watercolour-en","15":"product_tag-xxe-en","17":"first","18":"outofstock","19":"shipping-taxable","20":"product-type-simple"},"_links":{"self":[{"href":"https:\/\/antiquites-bastian.com\/en\/wp-json\/wp\/v2\/product\/15692","targetHints":{"allow":["GET"]}}],"collection":[{"href":"https:\/\/antiquites-bastian.com\/en\/wp-json\/wp\/v2\/product"}],"about":[{"href":"https:\/\/antiquites-bastian.com\/en\/wp-json\/wp\/v2\/types\/product"}],"wp:featuredmedia":[{"embeddable":true,"href":"https:\/\/antiquites-bastian.com\/en\/wp-json\/wp\/v2\/media\/15687"}],"wp:attachment":[{"href":"https:\/\/antiquites-bastian.com\/en\/wp-json\/wp\/v2\/media?parent=15692"}],"wp:term":[{"taxonomy":"product_brand","embeddable":true,"href":"https:\/\/antiquites-bastian.com\/en\/wp-json\/wp\/v2\/product_brand?post=15692"},{"taxonomy":"product_cat","embeddable":true,"href":"https:\/\/antiquites-bastian.com\/en\/wp-json\/wp\/v2\/product_cat?post=15692"},{"taxonomy":"product_tag","embeddable":true,"href":"https:\/\/antiquites-bastian.com\/en\/wp-json\/wp\/v2\/product_tag?post=15692"}],"curies":[{"name":"wp","href":"https:\/\/api.w.org\/{rel}","templated":true}]}}