{"id":14372,"date":"2021-04-24T17:07:45","date_gmt":"2021-04-24T15:07:45","guid":{"rendered":"https:\/\/antiquites-bastian.com\/?post_type=product&#038;p=14372"},"modified":"2025-03-18T11:03:15","modified_gmt":"2025-03-18T10:03:15","slug":"boite-ronde-en-bois-presse","status":"publish","type":"product","link":"https:\/\/antiquites-bastian.com\/en\/vendu\/boite-ronde-en-bois-presse\/","title":{"rendered":"Bo\u00eete ronde en bois press\u00e9"},"content":{"rendered":"<p>Une bo\u00eete ronde en buis press\u00e9 pr\u00e9sentant une sc\u00e8ne de deuil autour de la s\u00e9pulture de Napol\u00e9on. L&#8217;inscription &#8220;Re\u00e7ois de notre amour ces tristes et derniers gages&#8221; est plac\u00e9e dans la partie basse du couvercle. Diff\u00e9rents personnages se lamentent autour de la tombe sur laquelle figure la mention \u00ab Ci git un grand homme \u00bb. La partie inf\u00e9rieure de la bo\u00eete pr\u00e9sente un d\u00e9cor en fausses vanneries.<\/p>\n<p>Epoque : vers 1830<\/p>\n<p>Dimensions :<br \/>\nDiam\u00e8tre : 8,3 cm<br \/>\nHauteur : 1,9 cm<\/p>\n<p>Etat de conservation : bon<\/p>\n","protected":false},"excerpt":{"rendered":"<p>Une bo\u00eete ronde en bois press\u00e9 avec tombe de Napol\u00e9on, vers 1830.<\/p>\n","protected":false},"featured_media":14374,"template":"","meta":[],"product_brand":[],"product_cat":[112],"product_tag":[431,2638,2516,2709,685,1680,2708,60],"class_list":{"0":"post-14372","1":"product","2":"type-product","3":"status-publish","4":"has-post-thumbnail","6":"product_cat-vendu","7":"product_tag-bois","8":"product_tag-bois-presse","9":"product_tag-boite","10":"product_tag-buis","11":"product_tag-napoleon","12":"product_tag-sainte-helene","13":"product_tag-tombe","14":"product_tag-xixe","16":"first","17":"outofstock","18":"shipping-taxable","19":"product-type-simple"},"_links":{"self":[{"href":"https:\/\/antiquites-bastian.com\/en\/wp-json\/wp\/v2\/product\/14372","targetHints":{"allow":["GET"]}}],"collection":[{"href":"https:\/\/antiquites-bastian.com\/en\/wp-json\/wp\/v2\/product"}],"about":[{"href":"https:\/\/antiquites-bastian.com\/en\/wp-json\/wp\/v2\/types\/product"}],"wp:featuredmedia":[{"embeddable":true,"href":"https:\/\/antiquites-bastian.com\/en\/wp-json\/wp\/v2\/media\/14374"}],"wp:attachment":[{"href":"https:\/\/antiquites-bastian.com\/en\/wp-json\/wp\/v2\/media?parent=14372"}],"wp:term":[{"taxonomy":"product_brand","embeddable":true,"href":"https:\/\/antiquites-bastian.com\/en\/wp-json\/wp\/v2\/product_brand?post=14372"},{"taxonomy":"product_cat","embeddable":true,"href":"https:\/\/antiquites-bastian.com\/en\/wp-json\/wp\/v2\/product_cat?post=14372"},{"taxonomy":"product_tag","embeddable":true,"href":"https:\/\/antiquites-bastian.com\/en\/wp-json\/wp\/v2\/product_tag?post=14372"}],"curies":[{"name":"wp","href":"https:\/\/api.w.org\/{rel}","templated":true}]}}