{"id":13503,"date":"2021-03-08T17:08:29","date_gmt":"2021-03-08T16:08:29","guid":{"rendered":"https:\/\/antiquites-bastian.com\/?post_type=product&#038;p=13503"},"modified":"2021-04-09T10:51:31","modified_gmt":"2021-04-09T08:51:31","slug":"j-goussel-francois-bell-in-bronze","status":"publish","type":"product","link":"https:\/\/antiquites-bastian.com\/en\/vendu\/j-goussel-francois-bell-in-bronze\/","title":{"rendered":"J. Goussel Fran\u00e7ois &#8211; Bronze bell"},"content":{"rendered":"<p>A bronze bell made in 1868 by the foundry J. Goussel Fran\u00e7ois at Metz. Goussel was an emperor&#8217;s (Napol\u00e9on III)\u00a0moulder. There is a flower frieze and an inscription about its origin and its serial number (1996).<\/p>\n<p>Date : 1868<\/p>\n<p>Dimensions :<br \/>\nHeight : 28cm<br \/>\nBottom diam\u00e8tre : 19,4 cm<\/p>\n<p>Condition : good<\/p>\n<p>&nbsp;<\/p>\n<p>&nbsp;<\/p>\n","protected":false},"excerpt":{"rendered":"<p>A bronze bell from Metz, dated 1868.<\/p>\n","protected":false},"featured_media":13482,"template":"","meta":[],"product_brand":[],"product_cat":[112],"product_tag":[2207,689,1020,2521,212,1704],"class_list":{"0":"post-13503","1":"product","2":"type-product","3":"status-publish","4":"has-post-thumbnail","6":"product_cat-vendu","7":"product_tag-bell","8":"product_tag-bronze-en-2","9":"product_tag-foundry","10":"product_tag-goussel-en","11":"product_tag-lorraine-en","12":"product_tag-metz-en","14":"first","15":"outofstock","16":"shipping-taxable","17":"product-type-simple"},"_links":{"self":[{"href":"https:\/\/antiquites-bastian.com\/en\/wp-json\/wp\/v2\/product\/13503","targetHints":{"allow":["GET"]}}],"collection":[{"href":"https:\/\/antiquites-bastian.com\/en\/wp-json\/wp\/v2\/product"}],"about":[{"href":"https:\/\/antiquites-bastian.com\/en\/wp-json\/wp\/v2\/types\/product"}],"wp:featuredmedia":[{"embeddable":true,"href":"https:\/\/antiquites-bastian.com\/en\/wp-json\/wp\/v2\/media\/13482"}],"wp:attachment":[{"href":"https:\/\/antiquites-bastian.com\/en\/wp-json\/wp\/v2\/media?parent=13503"}],"wp:term":[{"taxonomy":"product_brand","embeddable":true,"href":"https:\/\/antiquites-bastian.com\/en\/wp-json\/wp\/v2\/product_brand?post=13503"},{"taxonomy":"product_cat","embeddable":true,"href":"https:\/\/antiquites-bastian.com\/en\/wp-json\/wp\/v2\/product_cat?post=13503"},{"taxonomy":"product_tag","embeddable":true,"href":"https:\/\/antiquites-bastian.com\/en\/wp-json\/wp\/v2\/product_tag?post=13503"}],"curies":[{"name":"wp","href":"https:\/\/api.w.org\/{rel}","templated":true}]}}