{"id":13274,"date":"2021-03-01T12:23:12","date_gmt":"2021-03-01T11:23:12","guid":{"rendered":"https:\/\/antiquites-bastian.com\/?post_type=product&#038;p=13274"},"modified":"2021-04-09T10:56:47","modified_gmt":"2021-04-09T08:56:47","slug":"panorama-of-strasbourg-the-old-strasbourg-dominican-church","status":"publish","type":"product","link":"https:\/\/antiquites-bastian.com\/en\/vendu\/panorama-of-strasbourg-the-old-strasbourg-dominican-church\/","title":{"rendered":"Panorama of Strasbourg &#8211; The old Strasbourg Dominican church"},"content":{"rendered":"<p>A panorama of the old Dominican church destroyed in 1870 by fire. This panoramic view was drawn from life, engraved based on the Strasbourg Notre-Dame Cath\u00e9dral view by Fr\u00e9d\u00e9ric Piton (1800-1871) and lithographed by E. Simon. This panorama was distribute by Joseph Mertz.<\/p>\n<p>Period : \u00a0late 19th century<\/p>\n<p>Dimensions :<br \/>\nHeight : 50,7 cm<br \/>\nWidth : 67,6 cm<\/p>\n<p>Conservation : Lithography fixed on cardbroad panel.<\/p>\n","protected":false},"excerpt":{"rendered":"<p>Interactive panoramic lithography of Strasbourg around the late of the 19th century.<\/p>\n","protected":false},"featured_media":13261,"template":"","meta":[],"product_brand":[],"product_cat":[112],"product_tag":[162,2488,1833,2487,1832,164,2230,792],"class_list":{"0":"post-13274","1":"product","2":"type-product","3":"status-publish","4":"has-post-thumbnail","6":"product_cat-vendu","7":"product_tag-alsace-en","8":"product_tag-fire-of-1870","9":"product_tag-map","10":"product_tag-panorama-en","11":"product_tag-plan-en","12":"product_tag-strasbourg-en","13":"product_tag-view-en","14":"product_tag-vosges-en","16":"first","17":"outofstock","18":"shipping-taxable","19":"product-type-simple"},"_links":{"self":[{"href":"https:\/\/antiquites-bastian.com\/en\/wp-json\/wp\/v2\/product\/13274","targetHints":{"allow":["GET"]}}],"collection":[{"href":"https:\/\/antiquites-bastian.com\/en\/wp-json\/wp\/v2\/product"}],"about":[{"href":"https:\/\/antiquites-bastian.com\/en\/wp-json\/wp\/v2\/types\/product"}],"wp:featuredmedia":[{"embeddable":true,"href":"https:\/\/antiquites-bastian.com\/en\/wp-json\/wp\/v2\/media\/13261"}],"wp:attachment":[{"href":"https:\/\/antiquites-bastian.com\/en\/wp-json\/wp\/v2\/media?parent=13274"}],"wp:term":[{"taxonomy":"product_brand","embeddable":true,"href":"https:\/\/antiquites-bastian.com\/en\/wp-json\/wp\/v2\/product_brand?post=13274"},{"taxonomy":"product_cat","embeddable":true,"href":"https:\/\/antiquites-bastian.com\/en\/wp-json\/wp\/v2\/product_cat?post=13274"},{"taxonomy":"product_tag","embeddable":true,"href":"https:\/\/antiquites-bastian.com\/en\/wp-json\/wp\/v2\/product_tag?post=13274"}],"curies":[{"name":"wp","href":"https:\/\/api.w.org\/{rel}","templated":true}]}}