{"id":13119,"date":"2021-02-19T18:48:34","date_gmt":"2021-02-19T17:48:34","guid":{"rendered":"https:\/\/antiquites-bastian.com\/?post_type=product&#038;p=13119"},"modified":"2021-04-09T10:56:52","modified_gmt":"2021-04-09T08:56:52","slug":"historic-and-military-engraving-unity-of-military-flags","status":"publish","type":"product","link":"https:\/\/antiquites-bastian.com\/en\/prints\/historic-and-military-engraving-unity-of-military-flags\/","title":{"rendered":"Historic and military engraving : unity of military flags"},"content":{"rendered":"<p>Engraving of military pride by uniting flags of different army section near of Strasbourg. Drawned and engraved by C. Dupuis, printed by I. Bernard.<\/p>\n<p>Period : late XVIIIe century<\/p>\n<p>Dimensions :<br \/>\nHeight : 34,9 cm<br \/>\nWidth : 48 cm<\/p>\n<p>Conservation : slightly ripped<\/p>\n","protected":false},"excerpt":{"rendered":"<p>Military and Alsatian engraving about the &#8220;B\u00e9n\u00e9diction \u00e0 l&#8217;Autel de la patrie&#8221;.<\/p>\n","protected":false},"featured_media":13116,"template":"","meta":[],"product_brand":[],"product_cat":[118],"product_tag":[2447,2439,494,2444,2399,1814,2446,2445],"class_list":{"0":"post-13119","1":"product","2":"type-product","3":"status-publish","4":"has-post-thumbnail","6":"product_cat-prints","7":"product_tag-alsacien-en","8":"product_tag-celebration","9":"product_tag-engraving-en","10":"product_tag-french-flag","11":"product_tag-lithography","12":"product_tag-military","13":"product_tag-military-en","14":"product_tag-parade","16":"first","17":"instock","18":"shipping-taxable","19":"purchasable","20":"product-type-simple"},"_links":{"self":[{"href":"https:\/\/antiquites-bastian.com\/en\/wp-json\/wp\/v2\/product\/13119","targetHints":{"allow":["GET"]}}],"collection":[{"href":"https:\/\/antiquites-bastian.com\/en\/wp-json\/wp\/v2\/product"}],"about":[{"href":"https:\/\/antiquites-bastian.com\/en\/wp-json\/wp\/v2\/types\/product"}],"wp:featuredmedia":[{"embeddable":true,"href":"https:\/\/antiquites-bastian.com\/en\/wp-json\/wp\/v2\/media\/13116"}],"wp:attachment":[{"href":"https:\/\/antiquites-bastian.com\/en\/wp-json\/wp\/v2\/media?parent=13119"}],"wp:term":[{"taxonomy":"product_brand","embeddable":true,"href":"https:\/\/antiquites-bastian.com\/en\/wp-json\/wp\/v2\/product_brand?post=13119"},{"taxonomy":"product_cat","embeddable":true,"href":"https:\/\/antiquites-bastian.com\/en\/wp-json\/wp\/v2\/product_cat?post=13119"},{"taxonomy":"product_tag","embeddable":true,"href":"https:\/\/antiquites-bastian.com\/en\/wp-json\/wp\/v2\/product_tag?post=13119"}],"curies":[{"name":"wp","href":"https:\/\/api.w.org\/{rel}","templated":true}]}}