{"id":12920,"date":"2021-02-09T18:29:21","date_gmt":"2021-02-09T17:29:21","guid":{"rendered":"https:\/\/antiquites-bastian.com\/?post_type=product&#038;p=12920"},"modified":"2021-02-09T18:34:50","modified_gmt":"2021-02-09T17:34:50","slug":"silver-jardiniere-2","status":"publish","type":"product","link":"https:\/\/antiquites-bastian.com\/en\/vendu\/silver-jardiniere-2\/","title":{"rendered":"Silver jardini\u00e8re"},"content":{"rendered":"<p>A Regency style silver jardini\u00e8re made in Paris by Puiforcat. The jardini\u00e8re has two handles presenting lion heads. On the foot is engraved the mention &#8220;Ed. KELT \/ PUIFORCAT&#8221;.<\/p>\n<p>Period : end of the 19th century<\/p>\n<p>Dimensions :<br \/>\nHeight : 12,5 cm<br \/>\nLength : 46 cm<br \/>\nWidth : 26 cm<\/p>\n<p>Weight of the outside body : 1.366 g<br \/>\nTotal weight : 2.766 g<\/p>\n<p>Condition : excellent<\/p>\n","protected":false},"excerpt":{"rendered":"<p>A Regency style silver jardini\u00e8re, Paris Puiforcat end of the 19th century<\/p>\n","protected":false},"featured_media":12905,"template":"","meta":[],"product_brand":[],"product_cat":[112],"product_tag":[813,1876,334,2176,312,1000,86],"class_list":{"0":"post-12920","1":"product","2":"type-product","3":"status-publish","4":"has-post-thumbnail","6":"product_cat-vendu","7":"product_tag-jardiniere-en","8":"product_tag-lion-en","9":"product_tag-paris-en","10":"product_tag-regency","11":"product_tag-silver","12":"product_tag-silvered-metal","13":"product_tag-xixe-en","15":"first","16":"outofstock","17":"shipping-taxable","18":"product-type-simple"},"_links":{"self":[{"href":"https:\/\/antiquites-bastian.com\/en\/wp-json\/wp\/v2\/product\/12920","targetHints":{"allow":["GET"]}}],"collection":[{"href":"https:\/\/antiquites-bastian.com\/en\/wp-json\/wp\/v2\/product"}],"about":[{"href":"https:\/\/antiquites-bastian.com\/en\/wp-json\/wp\/v2\/types\/product"}],"wp:featuredmedia":[{"embeddable":true,"href":"https:\/\/antiquites-bastian.com\/en\/wp-json\/wp\/v2\/media\/12905"}],"wp:attachment":[{"href":"https:\/\/antiquites-bastian.com\/en\/wp-json\/wp\/v2\/media?parent=12920"}],"wp:term":[{"taxonomy":"product_brand","embeddable":true,"href":"https:\/\/antiquites-bastian.com\/en\/wp-json\/wp\/v2\/product_brand?post=12920"},{"taxonomy":"product_cat","embeddable":true,"href":"https:\/\/antiquites-bastian.com\/en\/wp-json\/wp\/v2\/product_cat?post=12920"},{"taxonomy":"product_tag","embeddable":true,"href":"https:\/\/antiquites-bastian.com\/en\/wp-json\/wp\/v2\/product_tag?post=12920"}],"curies":[{"name":"wp","href":"https:\/\/api.w.org\/{rel}","templated":true}]}}