{"id":12642,"date":"2021-01-22T16:29:12","date_gmt":"2021-01-22T15:29:12","guid":{"rendered":"https:\/\/antiquites-bastian.com\/?post_type=product&#038;p=12642"},"modified":"2021-01-22T16:34:32","modified_gmt":"2021-01-22T15:34:32","slug":"galle-plate","status":"publish","type":"product","link":"https:\/\/antiquites-bastian.com\/en\/vendu\/galle-plate\/","title":{"rendered":"Gall\u00e9 plate"},"content":{"rendered":"<p>A faience plate presenting floral ornaments in petit feu technique. The back of the plate is signed \u00ab Gall\u00e9 Nancy d\u00e9pos\u00e9 \u00bb for Emile Gall\u00e9 (1846-1904).<\/p>\n<p>Period : end of the 19th century<\/p>\n<p>Diameter : 23,5 cm<\/p>\n<p>Condition : very good<\/p>\n","protected":false},"excerpt":{"rendered":"<p>A faience plate presenting floral ornaments in petit feu technique signed Gall\u00e9, end of the 19th century.<\/p>\n","protected":false},"featured_media":12631,"template":"","meta":[],"product_brand":[],"product_cat":[112],"product_tag":[188,153,365,1005,261],"class_list":{"0":"post-12642","1":"product","2":"type-product","3":"status-publish","4":"has-post-thumbnail","6":"product_cat-vendu","7":"product_tag-faience-en","8":"product_tag-galle-en","9":"product_tag-in-lay-work","10":"product_tag-petit-feu-en","11":"product_tag-polychromy","13":"first","14":"outofstock","15":"shipping-taxable","16":"product-type-simple"},"_links":{"self":[{"href":"https:\/\/antiquites-bastian.com\/en\/wp-json\/wp\/v2\/product\/12642","targetHints":{"allow":["GET"]}}],"collection":[{"href":"https:\/\/antiquites-bastian.com\/en\/wp-json\/wp\/v2\/product"}],"about":[{"href":"https:\/\/antiquites-bastian.com\/en\/wp-json\/wp\/v2\/types\/product"}],"wp:featuredmedia":[{"embeddable":true,"href":"https:\/\/antiquites-bastian.com\/en\/wp-json\/wp\/v2\/media\/12631"}],"wp:attachment":[{"href":"https:\/\/antiquites-bastian.com\/en\/wp-json\/wp\/v2\/media?parent=12642"}],"wp:term":[{"taxonomy":"product_brand","embeddable":true,"href":"https:\/\/antiquites-bastian.com\/en\/wp-json\/wp\/v2\/product_brand?post=12642"},{"taxonomy":"product_cat","embeddable":true,"href":"https:\/\/antiquites-bastian.com\/en\/wp-json\/wp\/v2\/product_cat?post=12642"},{"taxonomy":"product_tag","embeddable":true,"href":"https:\/\/antiquites-bastian.com\/en\/wp-json\/wp\/v2\/product_tag?post=12642"}],"curies":[{"name":"wp","href":"https:\/\/api.w.org\/{rel}","templated":true}]}}